{"id":27,"date":"2019-08-22T14:47:12","date_gmt":"2019-08-22T12:47:12","guid":{"rendered":"http:\/\/christelemacchiavelli-photographe.com\/?page_id=27"},"modified":"2019-09-21T11:42:16","modified_gmt":"2019-09-21T09:42:16","slug":"blog","status":"publish","type":"page","link":"https:\/\/christelemacchiavelli-photographe.com\/?page_id=27","title":{"rendered":"Blog"},"content":{"rendered":"\n<p style=\"background-color:#ebebeb;color:#838585\" class=\"has-text-color has-background\"><strong><em>Trucs et Astuces pour une s\u00e9ance maternit\u00e9<\/em><\/strong><\/p>\n\n\n\n<ul class=\"wp-block-list\"><li>Comment se passe une s\u00e9ance photo maternit\u00e9 ?<\/li><\/ul>\n\n\n\n<p>Je vous propose diff\u00e9rentes s\u00e9ances autour de la grossesse &#8211; Lifestyle \u00e0 la maison, \u00e0 l&rsquo;ext\u00e9rieur, en couple ou en famille. Vous pouvez opter pour celle qui vous correspond le mieux, pour des rendus bien diff\u00e9rents d&rsquo;un style \u00e0 l&rsquo;autre.<\/p>\n\n\n\n<p style=\"background-color:#dee1e2;color:#5e5e5e\" class=\"has-text-color has-background\"><strong><em>A DOMICILE<\/em><\/strong><\/p>\n\n\n\n[ngg src=\u00a0\u00bbgalleries\u00a0\u00bb ids=\u00a0\u00bb2&Prime; display=\u00a0\u00bbbasic_thumbnail\u00a0\u00bb]\n\n\n\n<p>Faire une s\u00e9ance maternit\u00e9 dans le confort de sa maison, quel bonheur ! E n couple ou en solo, cette s\u00e9ance est bien particuli\u00e8re. Chez vous, vous vous sentez \u00e0 l&rsquo;aise et cela permet d&rsquo;obtenir des images tr\u00e8s naturelles et fid\u00e8les \u00e0 vous-m\u00eame.<\/p>\n\n\n\n<p>Les s\u00e9ances \u00e0 domicile sont de plus en plus appr\u00e9ci\u00e9es. Faire un Lifestyle signifie de capturer des instants comme ils viennent, sans forcer les choses. Ce qui m&rsquo;int\u00e9resse, ce sont vos interactions, les regards que vous \u00e9changez, les rires, les mains qui se touchent, les lieux qui retranscrivent votre histoire. Votre int\u00e9rieur nous permet de varier les plaisirs. Nous ne faisons pas les m\u00eames photos dans un salon, ou dans un chambre, mais oui! Nous avons toute votre maison \u00e0 disposition pour jouer avec les couleurs, la lumi\u00e8re et les \u00e9motions.<\/p>\n\n\n\n<p>Nous pouvons aussi, gr\u00e2ce \u00e0 des fonds (noir ou blanc) faire des photos pos\u00e9es comme en studio. Le studio se d\u00e9place chez vous !<\/p>\n\n\n\n<p>Cette s\u00e9ance photo est enti\u00e8rement personnalis\u00e9e en fonction de vos envies. Je vous apporte toute mon exp\u00e9rience pour bien vous orienter dans vos choix et surtout vous mettre \u00e0 l&rsquo;aise pour vous faire oublier l&rsquo;objectif. Encore mieux ! Vous n&rsquo;aurez plus qu&rsquo;\u00e0 vous amuser pendant la s\u00e9ance photo. La bonne humeur est garantie !<\/p>\n\n\n\n<hr class=\"wp-block-separator\"\/>\n\n\n\n<p style=\"background-color:#aab7bc;color:#585b5c\" class=\"has-text-color has-background\"><strong><em>EN EXT\u00c9RIEUR<\/em><\/strong><\/p>\n\n\n\n<p>En couple ou en famille, cette photo est avant tout un moment de partage, une exp\u00e9rience unique.<\/p>\n\n\n\n<p>Nous nous donnons rendez-vous \u00e0 l&rsquo;endroit que nous avons choisi ensemble  (dans la nature ou la ville)<\/p>\n\n\n\n<p>Nous partons en balade. L&rsquo;amour qui nous entoure est tout ce qui m&rsquo;int\u00e9resse, je capte les \u00e9changes de regards, les sourires, les bisous.<\/p>\n\n\n\n<p>Je vous accompagne pour faire de cette ballade une s\u00e9ance photo agr\u00e9able, nous profitons du d\u00e9cor pour harmoniser ce d\u00e9cor avec vous.<\/p>\n\n\n\n<p>Si vous le souhaitez, vous pouvez pr\u00e9voir diff\u00e9rentes tenues, sur des photos en ext\u00e9rieur de maternit\u00e9, le corps entier peut-\u00eatre pris en photo. Il est donc important d&rsquo;associer vos tenues dans des tons neutres clairs ou fonc\u00e9s, il faut \u00e9viter les motifs notamment sur le choix du haut.<\/p>\n\n\n\n<p>Pour la future maman, il faut pr\u00e9voir une tenue qui met en valeur le ventre Cette s\u00e9ance est faite pour garder un souvenir du ventre rond.<\/p>\n\n\n\n<p>Cette fois encore, la bonne humeur et les rires seront les bienvenus, je ferai en sorte de vous mettre \u00e0 l&rsquo;aise et de vous faire oublier l&rsquo;appareil.<\/p>\n\n\n\n[ngg src=\u00a0\u00bbgalleries\u00a0\u00bb ids=\u00a0\u00bb3&Prime; display=\u00a0\u00bbbasic_thumbnail\u00a0\u00bb]\n\n\n\n<hr class=\"wp-block-separator\"\/>\n\n\n\n<ul class=\"wp-block-list\"><li>Comment s&rsquo;habiller pour une s\u00e9ance photo <strong>Nouveau-n\u00e9<\/strong> ?<\/li><\/ul>\n\n\n\n<p>En r\u00e8gle g\u00e9n\u00e9rale, pr\u00e9f\u00e9rez des tenues dans lesquelles vous vous sentez \u00e0 l&rsquo;aise. C&rsquo;est surtout le haut du corps qui est repr\u00e9sent\u00e9 sur les photos, donc optez plut\u00f4t pour des tee-shirts, chemisiers ou d\u00e9bardeurs en tissu fluide. Pensez intemporel : la dentelle par exemple est une mati\u00e8re qui ne se d\u00e9mode jamais.<\/p>\n\n\n\n<p>Pr\u00e9f\u00e9rez des hauts sans manches pour un rendu plus peau \u00e0 peau, avec des manches trois quarts si vous souhaitez dissimuler vos bras. Attention aux chemisiers qui ne sont pas souples, il peuvent tr\u00e8s vite faire des plis sur les bras lorsque l&rsquo;on tient b\u00e9b\u00e9 pr\u00e8s de son visage.<\/p>\n\n\n\n<p>Pour les papas, jouez de la simplicit\u00e9, un polo ou un tee-shirt suffisent amplement. Si vous souhaitez porter une chemise, c&rsquo;est possible, mais parfois avec les boutons ou le col, on ne peut pas placer b\u00e9b\u00e9 comme on veut. Les tee-shirts avec des dessins ou inscriptions sont \u00e0 bannir. Le regard doit se poser sur le b\u00e9b\u00e9 qui sera la star du shooting, et non sur le tee-shirt.<\/p>\n\n\n\n<p>Pour les couleur, je vous propose de vous assortir soit dans les tons clairs, soit dans les tons fonc\u00e9s. Nul besoin d&rsquo;\u00eatre dans la m\u00eame couleur, respectez juste le clair ou le fonc\u00e9.<\/p>\n\n\n\n<p>Dernier point, c&rsquo;est toujours la maman qui d\u00e9cide la premi\u00e8re de sa tenue, le papa suit!&#8230;. Et oui!  c&rsquo;est comme \u00e7a!<\/p>\n\n\n\n<p>Maintenant vous savez tout sur \u00ab\u00a0Comment s&rsquo;habiller pour une s\u00e9ance photo Naissance\u00a0\u00bb. C&rsquo;est assez simple. Et si vous h\u00e9sitez encore, apportez plusieurs tenues, nous choisirons ensemble&#8230; ou encore, nous ferons des poses torse nu, c&rsquo;est tellement beau aussi !<\/p>\n\n\n\n<ul class=\"wp-block-gallery columns-4 is-cropped wp-block-gallery-1 is-layout-flex wp-block-gallery-is-layout-flex\"><li class=\"blocks-gallery-item\"><figure><img loading=\"lazy\" decoding=\"async\" width=\"532\" height=\"800\" src=\"http:\/\/christelemacchiavelli-photographe.com\/wp-content\/uploads\/2019\/09\/naissance8.jpg\" alt=\"\" data-id=\"251\" data-link=\"http:\/\/christelemacchiavelli-photographe.com\/?attachment_id=251\" class=\"wp-image-251\" srcset=\"https:\/\/christelemacchiavelli-photographe.com\/wp-content\/uploads\/2019\/09\/naissance8.jpg 532w, https:\/\/christelemacchiavelli-photographe.com\/wp-content\/uploads\/2019\/09\/naissance8-200x300.jpg 200w\" sizes=\"auto, (max-width: 532px) 100vw, 532px\" \/><\/figure><\/li><li class=\"blocks-gallery-item\"><figure><img loading=\"lazy\" decoding=\"async\" width=\"783\" height=\"800\" src=\"http:\/\/christelemacchiavelli-photographe.com\/wp-content\/uploads\/2019\/09\/naissance9.jpg\" alt=\"\" data-id=\"252\" data-link=\"http:\/\/christelemacchiavelli-photographe.com\/?attachment_id=252\" class=\"wp-image-252\" srcset=\"https:\/\/christelemacchiavelli-photographe.com\/wp-content\/uploads\/2019\/09\/naissance9.jpg 783w, https:\/\/christelemacchiavelli-photographe.com\/wp-content\/uploads\/2019\/09\/naissance9-294x300.jpg 294w, https:\/\/christelemacchiavelli-photographe.com\/wp-content\/uploads\/2019\/09\/naissance9-768x785.jpg 768w\" sizes=\"auto, (max-width: 783px) 100vw, 783px\" \/><\/figure><\/li><li class=\"blocks-gallery-item\"><figure><img loading=\"lazy\" decoding=\"async\" width=\"800\" height=\"722\" src=\"http:\/\/christelemacchiavelli-photographe.com\/wp-content\/uploads\/2019\/09\/naissance14.jpg\" alt=\"\" data-id=\"253\" data-link=\"http:\/\/christelemacchiavelli-photographe.com\/?attachment_id=253\" class=\"wp-image-253\" srcset=\"https:\/\/christelemacchiavelli-photographe.com\/wp-content\/uploads\/2019\/09\/naissance14.jpg 800w, https:\/\/christelemacchiavelli-photographe.com\/wp-content\/uploads\/2019\/09\/naissance14-300x271.jpg 300w, https:\/\/christelemacchiavelli-photographe.com\/wp-content\/uploads\/2019\/09\/naissance14-768x693.jpg 768w\" sizes=\"auto, (max-width: 800px) 100vw, 800px\" \/><\/figure><\/li><li class=\"blocks-gallery-item\"><figure><img loading=\"lazy\" decoding=\"async\" width=\"553\" height=\"800\" src=\"http:\/\/christelemacchiavelli-photographe.com\/wp-content\/uploads\/2019\/09\/naissance15.jpg\" alt=\"\" data-id=\"254\" data-link=\"http:\/\/christelemacchiavelli-photographe.com\/?attachment_id=254\" class=\"wp-image-254\" srcset=\"https:\/\/christelemacchiavelli-photographe.com\/wp-content\/uploads\/2019\/09\/naissance15.jpg 553w, https:\/\/christelemacchiavelli-photographe.com\/wp-content\/uploads\/2019\/09\/naissance15-207x300.jpg 207w\" sizes=\"auto, (max-width: 553px) 100vw, 553px\" \/><\/figure><\/li><\/ul>\n\n\n\n<hr class=\"wp-block-separator\"\/>\n\n\n\n<p> N&rsquo;h\u00e9sitez pas \u00e0 me contacter. Je suis \u00e0 votre disposition pour r\u00e9pondre \u00e0 vos questions. Au plaisir, Christ\u00e8le.<\/p>\n\n\n<div class=\"wpforms-container wpforms-container-full wpforms-block\" id=\"wpforms-107\"><form id=\"wpforms-form-107\" class=\"wpforms-validate wpforms-form\" data-formid=\"107\" method=\"post\" enctype=\"multipart\/form-data\" action=\"\/index.php?rest_route=%2Fwp%2Fv2%2Fpages%2F27\" data-token=\"a851555976a475c6210c2dfda9774cf4\" data-token-time=\"1776393124\"><noscript class=\"wpforms-error-noscript\">Veuillez activer JavaScript dans votre navigateur pour remplir ce formulaire.<\/noscript><div class=\"wpforms-field-container\"><div id=\"wpforms-107-field_0-container\" class=\"wpforms-field wpforms-field-name\" data-field-id=\"0\"><label class=\"wpforms-field-label\">Nom <span class=\"wpforms-required-label\">*<\/span><\/label><div class=\"wpforms-field-row wpforms-field-medium\"><div class=\"wpforms-field-row-block wpforms-first wpforms-one-half\"><input type=\"text\" id=\"wpforms-107-field_0\" class=\"wpforms-field-name-first wpforms-field-required\" name=\"wpforms[fields][0][first]\" required><label for=\"wpforms-107-field_0\" class=\"wpforms-field-sublabel after\">Pr\u00e9nom<\/label><\/div><div class=\"wpforms-field-row-block wpforms-one-half\"><input type=\"text\" id=\"wpforms-107-field_0-last\" class=\"wpforms-field-name-last wpforms-field-required\" name=\"wpforms[fields][0][last]\" required><label for=\"wpforms-107-field_0-last\" class=\"wpforms-field-sublabel after\">Nom<\/label><\/div><\/div><\/div><div id=\"wpforms-107-field_1-container\" class=\"wpforms-field wpforms-field-email\" data-field-id=\"1\"><label class=\"wpforms-field-label\">E-mail <span class=\"wpforms-required-label\">*<\/span><\/label><div class=\"wpforms-field-row wpforms-field-medium\"><div class=\"wpforms-field-row-block wpforms-one-half wpforms-first\"><input type=\"email\" id=\"wpforms-107-field_1\" class=\"wpforms-field-required wpforms-field-email-primary\" name=\"wpforms[fields][1][primary]\" spellcheck=\"false\" required><label for=\"wpforms-107-field_1\" class=\"wpforms-field-sublabel after\">E-mail<\/label><\/div><div class=\"wpforms-field-row-block wpforms-one-half\"><input type=\"email\" id=\"wpforms-107-field_1-secondary\" class=\"wpforms-field-email-secondary wpforms-field-required\" data-rule-confirm=\"#wpforms-107-field_1\" name=\"wpforms[fields][1][secondary]\" spellcheck=\"false\" required><label for=\"wpforms-107-field_1-secondary\" class=\"wpforms-field-sublabel after\">Confirmez l\u2019e-mail<\/label><\/div><\/div><\/div><div id=\"wpforms-107-field_5-container\" class=\"wpforms-field wpforms-field-text\" data-field-id=\"5\"><label class=\"wpforms-field-label\" for=\"wpforms-107-field_5\">T\u00e9l\u00e9phone <span class=\"wpforms-required-label\">*<\/span><\/label><input type=\"text\" id=\"wpforms-107-field_5\" class=\"wpforms-field-medium wpforms-field-required\" name=\"wpforms[fields][5]\" required><\/div><div id=\"wpforms-107-field_6-container\" class=\"wpforms-field wpforms-field-text\" data-field-id=\"6\"><label class=\"wpforms-field-label\" for=\"wpforms-107-field_6\">Objet <span class=\"wpforms-required-label\">*<\/span><\/label><input type=\"text\" id=\"wpforms-107-field_6\" class=\"wpforms-field-medium wpforms-field-required\" name=\"wpforms[fields][6]\" required><\/div><div id=\"wpforms-107-field_2-container\" class=\"wpforms-field wpforms-field-textarea\" data-field-id=\"2\"><label class=\"wpforms-field-label\" for=\"wpforms-107-field_2\">Commentaire ou message <span class=\"wpforms-required-label\">*<\/span><\/label><textarea id=\"wpforms-107-field_2\" class=\"wpforms-field-medium wpforms-field-required\" name=\"wpforms[fields][2]\" required><\/textarea><\/div><\/div><!-- .wpforms-field-container --><div class=\"wpforms-field wpforms-field-hp\"><label for=\"wpforms-107-field-hp\" class=\"wpforms-field-label\">Phone<\/label><input type=\"text\" name=\"wpforms[hp]\" id=\"wpforms-107-field-hp\" class=\"wpforms-field-medium\"><\/div><div class=\"wpforms-submit-container\" ><input type=\"hidden\" name=\"wpforms[id]\" value=\"107\"><input type=\"hidden\" name=\"page_title\" value=\"\"><input type=\"hidden\" name=\"page_url\" value=\"https:\/\/christelemacchiavelli-photographe.com\/index.php?rest_route=\/wp\/v2\/pages\/27\"><input type=\"hidden\" name=\"url_referer\" value=\"\"><button type=\"submit\" name=\"wpforms[submit]\" id=\"wpforms-submit-107\" class=\"wpforms-submit\" data-alt-text=\"Envoi...\" data-submit-text=\"Envoyer\" aria-live=\"assertive\" value=\"wpforms-submit\">Envoyer<\/button><\/div><\/form><\/div>  <!-- .wpforms-container -->","protected":false},"excerpt":{"rendered":"<p>Trucs et Astuces pour une s\u00e9ance maternit\u00e9 Comment se passe une s\u00e9ance photo maternit\u00e9 ? Je vous propose diff\u00e9rentes s\u00e9ances&hellip;<\/p>\n","protected":false},"author":1,"featured_media":0,"parent":0,"menu_order":0,"comment_status":"closed","ping_status":"closed","template":"","meta":{"footnotes":""},"class_list":["post-27","page","type-page","status-publish","hentry"],"yoast_head":"<!-- This site is optimized with the Yoast SEO plugin v27.4 - https:\/\/yoast.com\/product\/yoast-seo-wordpress\/ -->\n<title>Blog -<\/title>\n<meta name=\"robots\" content=\"index, follow, max-snippet:-1, max-image-preview:large, max-video-preview:-1\" \/>\n<link rel=\"canonical\" href=\"https:\/\/christelemacchiavelli-photographe.com\/?page_id=27\" \/>\n<meta property=\"og:locale\" content=\"fr_FR\" \/>\n<meta property=\"og:type\" content=\"article\" \/>\n<meta property=\"og:title\" content=\"Blog -\" \/>\n<meta property=\"og:description\" content=\"Trucs et Astuces pour une s\u00e9ance maternit\u00e9 Comment se passe une s\u00e9ance photo maternit\u00e9 ? Je vous propose diff\u00e9rentes s\u00e9ances&hellip;\" \/>\n<meta property=\"og:url\" content=\"https:\/\/christelemacchiavelli-photographe.com\/?page_id=27\" \/>\n<meta property=\"article:modified_time\" content=\"2019-09-21T09:42:16+00:00\" \/>\n<meta property=\"og:image\" content=\"http:\/\/christelemacchiavelli-photographe.com\/wp-content\/uploads\/2019\/09\/naissance8.jpg\" \/>\n<meta name=\"twitter:card\" content=\"summary_large_image\" \/>\n<meta name=\"twitter:label1\" content=\"Dur\u00e9e de lecture estim\u00e9e\" \/>\n\t<meta name=\"twitter:data1\" content=\"4 minutes\" \/>\n<script type=\"application\/ld+json\" class=\"yoast-schema-graph\">{\"@context\":\"https:\\\/\\\/schema.org\",\"@graph\":[{\"@type\":\"WebPage\",\"@id\":\"https:\\\/\\\/christelemacchiavelli-photographe.com\\\/?page_id=27\",\"url\":\"https:\\\/\\\/christelemacchiavelli-photographe.com\\\/?page_id=27\",\"name\":\"Blog -\",\"isPartOf\":{\"@id\":\"https:\\\/\\\/christelemacchiavelli-photographe.com\\\/#website\"},\"primaryImageOfPage\":{\"@id\":\"https:\\\/\\\/christelemacchiavelli-photographe.com\\\/?page_id=27#primaryimage\"},\"image\":{\"@id\":\"https:\\\/\\\/christelemacchiavelli-photographe.com\\\/?page_id=27#primaryimage\"},\"thumbnailUrl\":\"http:\\\/\\\/christelemacchiavelli-photographe.com\\\/wp-content\\\/uploads\\\/2019\\\/09\\\/naissance8.jpg\",\"datePublished\":\"2019-08-22T12:47:12+00:00\",\"dateModified\":\"2019-09-21T09:42:16+00:00\",\"breadcrumb\":{\"@id\":\"https:\\\/\\\/christelemacchiavelli-photographe.com\\\/?page_id=27#breadcrumb\"},\"inLanguage\":\"fr-FR\",\"potentialAction\":[{\"@type\":\"ReadAction\",\"target\":[\"https:\\\/\\\/christelemacchiavelli-photographe.com\\\/?page_id=27\"]}]},{\"@type\":\"ImageObject\",\"inLanguage\":\"fr-FR\",\"@id\":\"https:\\\/\\\/christelemacchiavelli-photographe.com\\\/?page_id=27#primaryimage\",\"url\":\"https:\\\/\\\/christelemacchiavelli-photographe.com\\\/wp-content\\\/uploads\\\/2019\\\/09\\\/naissance8.jpg\",\"contentUrl\":\"https:\\\/\\\/christelemacchiavelli-photographe.com\\\/wp-content\\\/uploads\\\/2019\\\/09\\\/naissance8.jpg\",\"width\":532,\"height\":800},{\"@type\":\"BreadcrumbList\",\"@id\":\"https:\\\/\\\/christelemacchiavelli-photographe.com\\\/?page_id=27#breadcrumb\",\"itemListElement\":[{\"@type\":\"ListItem\",\"position\":1,\"name\":\"Accueil\",\"item\":\"https:\\\/\\\/christelemacchiavelli-photographe.com\\\/\"},{\"@type\":\"ListItem\",\"position\":2,\"name\":\"Blog\"}]},{\"@type\":\"WebSite\",\"@id\":\"https:\\\/\\\/christelemacchiavelli-photographe.com\\\/#website\",\"url\":\"https:\\\/\\\/christelemacchiavelli-photographe.com\\\/\",\"name\":\"\",\"description\":\"Sp\u00e9cialis\u00e9e dans la photo de Nouveau-n\u00e9, B\u00e9b\u00e9 et Famille - Cr\u00e9atrice de souvenirs\",\"publisher\":{\"@id\":\"https:\\\/\\\/christelemacchiavelli-photographe.com\\\/#organization\"},\"potentialAction\":[{\"@type\":\"SearchAction\",\"target\":{\"@type\":\"EntryPoint\",\"urlTemplate\":\"https:\\\/\\\/christelemacchiavelli-photographe.com\\\/?s={search_term_string}\"},\"query-input\":{\"@type\":\"PropertyValueSpecification\",\"valueRequired\":true,\"valueName\":\"search_term_string\"}}],\"inLanguage\":\"fr-FR\"},{\"@type\":\"Organization\",\"@id\":\"https:\\\/\\\/christelemacchiavelli-photographe.com\\\/#organization\",\"name\":\"Christ\u00e8le Macchiavelli Photographe La Ciotat\",\"url\":\"https:\\\/\\\/christelemacchiavelli-photographe.com\\\/\",\"logo\":{\"@type\":\"ImageObject\",\"inLanguage\":\"fr-FR\",\"@id\":\"https:\\\/\\\/christelemacchiavelli-photographe.com\\\/#\\\/schema\\\/logo\\\/image\\\/\",\"url\":\"https:\\\/\\\/christelemacchiavelli-photographe.com\\\/wp-content\\\/uploads\\\/2019\\\/09\\\/Logo-christelle-noir.jpg600.jpg\",\"contentUrl\":\"https:\\\/\\\/christelemacchiavelli-photographe.com\\\/wp-content\\\/uploads\\\/2019\\\/09\\\/Logo-christelle-noir.jpg600.jpg\",\"width\":600,\"height\":425,\"caption\":\"Christ\u00e8le Macchiavelli Photographe La Ciotat\"},\"image\":{\"@id\":\"https:\\\/\\\/christelemacchiavelli-photographe.com\\\/#\\\/schema\\\/logo\\\/image\\\/\"}}]}<\/script>\n<!-- \/ Yoast SEO plugin. -->","yoast_head_json":{"title":"Blog -","robots":{"index":"index","follow":"follow","max-snippet":"max-snippet:-1","max-image-preview":"max-image-preview:large","max-video-preview":"max-video-preview:-1"},"canonical":"https:\/\/christelemacchiavelli-photographe.com\/?page_id=27","og_locale":"fr_FR","og_type":"article","og_title":"Blog -","og_description":"Trucs et Astuces pour une s\u00e9ance maternit\u00e9 Comment se passe une s\u00e9ance photo maternit\u00e9 ? Je vous propose diff\u00e9rentes s\u00e9ances&hellip;","og_url":"https:\/\/christelemacchiavelli-photographe.com\/?page_id=27","article_modified_time":"2019-09-21T09:42:16+00:00","og_image":[{"url":"http:\/\/christelemacchiavelli-photographe.com\/wp-content\/uploads\/2019\/09\/naissance8.jpg","type":"","width":"","height":""}],"twitter_card":"summary_large_image","twitter_misc":{"Dur\u00e9e de lecture estim\u00e9e":"4 minutes"},"schema":{"@context":"https:\/\/schema.org","@graph":[{"@type":"WebPage","@id":"https:\/\/christelemacchiavelli-photographe.com\/?page_id=27","url":"https:\/\/christelemacchiavelli-photographe.com\/?page_id=27","name":"Blog -","isPartOf":{"@id":"https:\/\/christelemacchiavelli-photographe.com\/#website"},"primaryImageOfPage":{"@id":"https:\/\/christelemacchiavelli-photographe.com\/?page_id=27#primaryimage"},"image":{"@id":"https:\/\/christelemacchiavelli-photographe.com\/?page_id=27#primaryimage"},"thumbnailUrl":"http:\/\/christelemacchiavelli-photographe.com\/wp-content\/uploads\/2019\/09\/naissance8.jpg","datePublished":"2019-08-22T12:47:12+00:00","dateModified":"2019-09-21T09:42:16+00:00","breadcrumb":{"@id":"https:\/\/christelemacchiavelli-photographe.com\/?page_id=27#breadcrumb"},"inLanguage":"fr-FR","potentialAction":[{"@type":"ReadAction","target":["https:\/\/christelemacchiavelli-photographe.com\/?page_id=27"]}]},{"@type":"ImageObject","inLanguage":"fr-FR","@id":"https:\/\/christelemacchiavelli-photographe.com\/?page_id=27#primaryimage","url":"https:\/\/christelemacchiavelli-photographe.com\/wp-content\/uploads\/2019\/09\/naissance8.jpg","contentUrl":"https:\/\/christelemacchiavelli-photographe.com\/wp-content\/uploads\/2019\/09\/naissance8.jpg","width":532,"height":800},{"@type":"BreadcrumbList","@id":"https:\/\/christelemacchiavelli-photographe.com\/?page_id=27#breadcrumb","itemListElement":[{"@type":"ListItem","position":1,"name":"Accueil","item":"https:\/\/christelemacchiavelli-photographe.com\/"},{"@type":"ListItem","position":2,"name":"Blog"}]},{"@type":"WebSite","@id":"https:\/\/christelemacchiavelli-photographe.com\/#website","url":"https:\/\/christelemacchiavelli-photographe.com\/","name":"","description":"Sp\u00e9cialis\u00e9e dans la photo de Nouveau-n\u00e9, B\u00e9b\u00e9 et Famille - Cr\u00e9atrice de souvenirs","publisher":{"@id":"https:\/\/christelemacchiavelli-photographe.com\/#organization"},"potentialAction":[{"@type":"SearchAction","target":{"@type":"EntryPoint","urlTemplate":"https:\/\/christelemacchiavelli-photographe.com\/?s={search_term_string}"},"query-input":{"@type":"PropertyValueSpecification","valueRequired":true,"valueName":"search_term_string"}}],"inLanguage":"fr-FR"},{"@type":"Organization","@id":"https:\/\/christelemacchiavelli-photographe.com\/#organization","name":"Christ\u00e8le Macchiavelli Photographe La Ciotat","url":"https:\/\/christelemacchiavelli-photographe.com\/","logo":{"@type":"ImageObject","inLanguage":"fr-FR","@id":"https:\/\/christelemacchiavelli-photographe.com\/#\/schema\/logo\/image\/","url":"https:\/\/christelemacchiavelli-photographe.com\/wp-content\/uploads\/2019\/09\/Logo-christelle-noir.jpg600.jpg","contentUrl":"https:\/\/christelemacchiavelli-photographe.com\/wp-content\/uploads\/2019\/09\/Logo-christelle-noir.jpg600.jpg","width":600,"height":425,"caption":"Christ\u00e8le Macchiavelli Photographe La Ciotat"},"image":{"@id":"https:\/\/christelemacchiavelli-photographe.com\/#\/schema\/logo\/image\/"}}]}},"_links":{"self":[{"href":"https:\/\/christelemacchiavelli-photographe.com\/index.php?rest_route=\/wp\/v2\/pages\/27","targetHints":{"allow":["GET"]}}],"collection":[{"href":"https:\/\/christelemacchiavelli-photographe.com\/index.php?rest_route=\/wp\/v2\/pages"}],"about":[{"href":"https:\/\/christelemacchiavelli-photographe.com\/index.php?rest_route=\/wp\/v2\/types\/page"}],"author":[{"embeddable":true,"href":"https:\/\/christelemacchiavelli-photographe.com\/index.php?rest_route=\/wp\/v2\/users\/1"}],"replies":[{"embeddable":true,"href":"https:\/\/christelemacchiavelli-photographe.com\/index.php?rest_route=%2Fwp%2Fv2%2Fcomments&post=27"}],"version-history":[{"count":12,"href":"https:\/\/christelemacchiavelli-photographe.com\/index.php?rest_route=\/wp\/v2\/pages\/27\/revisions"}],"predecessor-version":[{"id":301,"href":"https:\/\/christelemacchiavelli-photographe.com\/index.php?rest_route=\/wp\/v2\/pages\/27\/revisions\/301"}],"wp:attachment":[{"href":"https:\/\/christelemacchiavelli-photographe.com\/index.php?rest_route=%2Fwp%2Fv2%2Fmedia&parent=27"}],"curies":[{"name":"wp","href":"https:\/\/api.w.org\/{rel}","templated":true}]}}