{"id":30,"date":"2019-08-22T14:47:32","date_gmt":"2019-08-22T12:47:32","guid":{"rendered":"http:\/\/christelemacchiavelli-photographe.com\/?page_id=30"},"modified":"2019-08-23T13:41:10","modified_gmt":"2019-08-23T11:41:10","slug":"contact","status":"publish","type":"page","link":"https:\/\/christelemacchiavelli-photographe.com\/?page_id=30","title":{"rendered":"Contact"},"content":{"rendered":"\n<blockquote class=\"wp-block-quote is-style-large is-layout-flow wp-block-quote-is-layout-flow\"><p>Contactez-moi au 06 37 16 57 40<\/p><p>Christele Macchiavelli : contact@christelemacchiavelli-photographe.com<\/p><\/blockquote>\n\n\n<div class=\"wpforms-container wpforms-container-full\" id=\"wpforms-107\"><form id=\"wpforms-form-107\" class=\"wpforms-validate wpforms-form\" data-formid=\"107\" method=\"post\" enctype=\"multipart\/form-data\" action=\"\/index.php?rest_route=%2Fwp%2Fv2%2Fpages%2F30\" data-token=\"a851555976a475c6210c2dfda9774cf4\" data-token-time=\"1776393070\"><noscript class=\"wpforms-error-noscript\">Veuillez activer JavaScript dans votre navigateur pour remplir ce formulaire.<\/noscript><div class=\"wpforms-field-container\"><div id=\"wpforms-107-field_0-container\" class=\"wpforms-field wpforms-field-name\" data-field-id=\"0\"><label class=\"wpforms-field-label\">Nom <span class=\"wpforms-required-label\">*<\/span><\/label><div class=\"wpforms-field-row wpforms-field-medium\"><div class=\"wpforms-field-row-block wpforms-first wpforms-one-half\"><input type=\"text\" id=\"wpforms-107-field_0\" class=\"wpforms-field-name-first wpforms-field-required\" name=\"wpforms[fields][0][first]\" required><label for=\"wpforms-107-field_0\" class=\"wpforms-field-sublabel after\">Pr\u00e9nom<\/label><\/div><div class=\"wpforms-field-row-block wpforms-one-half\"><input type=\"text\" id=\"wpforms-107-field_0-last\" class=\"wpforms-field-name-last wpforms-field-required\" name=\"wpforms[fields][0][last]\" required><label for=\"wpforms-107-field_0-last\" class=\"wpforms-field-sublabel after\">Nom<\/label><\/div><\/div><\/div><div id=\"wpforms-107-field_1-container\" class=\"wpforms-field wpforms-field-email\" data-field-id=\"1\"><label class=\"wpforms-field-label\">E-mail <span class=\"wpforms-required-label\">*<\/span><\/label><div class=\"wpforms-field-row wpforms-field-medium\"><div class=\"wpforms-field-row-block wpforms-one-half wpforms-first\"><input type=\"email\" id=\"wpforms-107-field_1\" class=\"wpforms-field-required wpforms-field-email-primary\" name=\"wpforms[fields][1][primary]\" spellcheck=\"false\" required><label for=\"wpforms-107-field_1\" class=\"wpforms-field-sublabel after\">E-mail<\/label><\/div><div class=\"wpforms-field-row-block wpforms-one-half\"><input type=\"email\" id=\"wpforms-107-field_1-secondary\" class=\"wpforms-field-email-secondary wpforms-field-required\" data-rule-confirm=\"#wpforms-107-field_1\" name=\"wpforms[fields][1][secondary]\" spellcheck=\"false\" required><label for=\"wpforms-107-field_1-secondary\" class=\"wpforms-field-sublabel after\">Confirmez l\u2019e-mail<\/label><\/div><\/div><\/div><div id=\"wpforms-107-field_5-container\" class=\"wpforms-field wpforms-field-text\" data-field-id=\"5\"><label class=\"wpforms-field-label\" for=\"wpforms-107-field_5\">T\u00e9l\u00e9phone <span class=\"wpforms-required-label\">*<\/span><\/label><input type=\"text\" id=\"wpforms-107-field_5\" class=\"wpforms-field-medium wpforms-field-required\" name=\"wpforms[fields][5]\" required><\/div><div id=\"wpforms-107-field_6-container\" class=\"wpforms-field wpforms-field-text\" data-field-id=\"6\"><label class=\"wpforms-field-label\" for=\"wpforms-107-field_6\">Objet <span class=\"wpforms-required-label\">*<\/span><\/label><input type=\"text\" id=\"wpforms-107-field_6\" class=\"wpforms-field-medium wpforms-field-required\" name=\"wpforms[fields][6]\" required><\/div><div id=\"wpforms-107-field_2-container\" class=\"wpforms-field wpforms-field-textarea\" data-field-id=\"2\"><label class=\"wpforms-field-label\" for=\"wpforms-107-field_2\">Commentaire ou message <span class=\"wpforms-required-label\">*<\/span><\/label><textarea id=\"wpforms-107-field_2\" class=\"wpforms-field-medium wpforms-field-required\" name=\"wpforms[fields][2]\" required><\/textarea><\/div><\/div><!-- .wpforms-field-container --><div class=\"wpforms-field wpforms-field-hp\"><label for=\"wpforms-107-field-hp\" class=\"wpforms-field-label\">Comment<\/label><input type=\"text\" name=\"wpforms[hp]\" id=\"wpforms-107-field-hp\" class=\"wpforms-field-medium\"><\/div><div class=\"wpforms-submit-container\" ><input type=\"hidden\" name=\"wpforms[id]\" value=\"107\"><input type=\"hidden\" name=\"page_title\" value=\"\"><input type=\"hidden\" name=\"page_url\" value=\"https:\/\/christelemacchiavelli-photographe.com\/index.php?rest_route=\/wp\/v2\/pages\/30\"><input type=\"hidden\" name=\"url_referer\" value=\"\"><button type=\"submit\" name=\"wpforms[submit]\" id=\"wpforms-submit-107\" class=\"wpforms-submit\" data-alt-text=\"Envoi...\" data-submit-text=\"Envoyer\" aria-live=\"assertive\" value=\"wpforms-submit\">Envoyer<\/button><\/div><\/form><\/div>  <!-- .wpforms-container -->\n","protected":false},"excerpt":{"rendered":"<p>Contactez-moi au 06 37 16 57 40 Christele Macchiavelli : contact@christelemacchiavelli-photographe.com<\/p>\n","protected":false},"author":1,"featured_media":0,"parent":0,"menu_order":0,"comment_status":"closed","ping_status":"closed","template":"","meta":{"footnotes":""},"class_list":["post-30","page","type-page","status-publish","hentry"],"yoast_head":"<!-- This site is optimized with the Yoast SEO plugin v27.4 - https:\/\/yoast.com\/product\/yoast-seo-wordpress\/ -->\n<title>Contact -<\/title>\n<meta name=\"robots\" content=\"index, follow, max-snippet:-1, max-image-preview:large, max-video-preview:-1\" \/>\n<link rel=\"canonical\" href=\"https:\/\/christelemacchiavelli-photographe.com\/?page_id=30\" \/>\n<meta property=\"og:locale\" content=\"fr_FR\" \/>\n<meta property=\"og:type\" content=\"article\" \/>\n<meta property=\"og:title\" content=\"Contact -\" \/>\n<meta property=\"og:description\" content=\"Contactez-moi au 06 37 16 57 40 Christele Macchiavelli : contact@christelemacchiavelli-photographe.com\" \/>\n<meta property=\"og:url\" content=\"https:\/\/christelemacchiavelli-photographe.com\/?page_id=30\" \/>\n<meta property=\"article:modified_time\" content=\"2019-08-23T11:41:10+00:00\" \/>\n<meta name=\"twitter:card\" content=\"summary_large_image\" \/>\n<script type=\"application\/ld+json\" class=\"yoast-schema-graph\">{\"@context\":\"https:\\\/\\\/schema.org\",\"@graph\":[{\"@type\":\"WebPage\",\"@id\":\"https:\\\/\\\/christelemacchiavelli-photographe.com\\\/?page_id=30\",\"url\":\"https:\\\/\\\/christelemacchiavelli-photographe.com\\\/?page_id=30\",\"name\":\"Contact -\",\"isPartOf\":{\"@id\":\"https:\\\/\\\/christelemacchiavelli-photographe.com\\\/#website\"},\"datePublished\":\"2019-08-22T12:47:32+00:00\",\"dateModified\":\"2019-08-23T11:41:10+00:00\",\"breadcrumb\":{\"@id\":\"https:\\\/\\\/christelemacchiavelli-photographe.com\\\/?page_id=30#breadcrumb\"},\"inLanguage\":\"fr-FR\",\"potentialAction\":[{\"@type\":\"ReadAction\",\"target\":[\"https:\\\/\\\/christelemacchiavelli-photographe.com\\\/?page_id=30\"]}]},{\"@type\":\"BreadcrumbList\",\"@id\":\"https:\\\/\\\/christelemacchiavelli-photographe.com\\\/?page_id=30#breadcrumb\",\"itemListElement\":[{\"@type\":\"ListItem\",\"position\":1,\"name\":\"Accueil\",\"item\":\"https:\\\/\\\/christelemacchiavelli-photographe.com\\\/\"},{\"@type\":\"ListItem\",\"position\":2,\"name\":\"Contact\"}]},{\"@type\":\"WebSite\",\"@id\":\"https:\\\/\\\/christelemacchiavelli-photographe.com\\\/#website\",\"url\":\"https:\\\/\\\/christelemacchiavelli-photographe.com\\\/\",\"name\":\"\",\"description\":\"Sp\u00e9cialis\u00e9e dans la photo de Nouveau-n\u00e9, B\u00e9b\u00e9 et Famille - Cr\u00e9atrice de souvenirs\",\"publisher\":{\"@id\":\"https:\\\/\\\/christelemacchiavelli-photographe.com\\\/#organization\"},\"potentialAction\":[{\"@type\":\"SearchAction\",\"target\":{\"@type\":\"EntryPoint\",\"urlTemplate\":\"https:\\\/\\\/christelemacchiavelli-photographe.com\\\/?s={search_term_string}\"},\"query-input\":{\"@type\":\"PropertyValueSpecification\",\"valueRequired\":true,\"valueName\":\"search_term_string\"}}],\"inLanguage\":\"fr-FR\"},{\"@type\":\"Organization\",\"@id\":\"https:\\\/\\\/christelemacchiavelli-photographe.com\\\/#organization\",\"name\":\"Christ\u00e8le Macchiavelli Photographe La Ciotat\",\"url\":\"https:\\\/\\\/christelemacchiavelli-photographe.com\\\/\",\"logo\":{\"@type\":\"ImageObject\",\"inLanguage\":\"fr-FR\",\"@id\":\"https:\\\/\\\/christelemacchiavelli-photographe.com\\\/#\\\/schema\\\/logo\\\/image\\\/\",\"url\":\"https:\\\/\\\/christelemacchiavelli-photographe.com\\\/wp-content\\\/uploads\\\/2019\\\/09\\\/Logo-christelle-noir.jpg600.jpg\",\"contentUrl\":\"https:\\\/\\\/christelemacchiavelli-photographe.com\\\/wp-content\\\/uploads\\\/2019\\\/09\\\/Logo-christelle-noir.jpg600.jpg\",\"width\":600,\"height\":425,\"caption\":\"Christ\u00e8le Macchiavelli Photographe La Ciotat\"},\"image\":{\"@id\":\"https:\\\/\\\/christelemacchiavelli-photographe.com\\\/#\\\/schema\\\/logo\\\/image\\\/\"}}]}<\/script>\n<!-- \/ Yoast SEO plugin. -->","yoast_head_json":{"title":"Contact -","robots":{"index":"index","follow":"follow","max-snippet":"max-snippet:-1","max-image-preview":"max-image-preview:large","max-video-preview":"max-video-preview:-1"},"canonical":"https:\/\/christelemacchiavelli-photographe.com\/?page_id=30","og_locale":"fr_FR","og_type":"article","og_title":"Contact -","og_description":"Contactez-moi au 06 37 16 57 40 Christele Macchiavelli : contact@christelemacchiavelli-photographe.com","og_url":"https:\/\/christelemacchiavelli-photographe.com\/?page_id=30","article_modified_time":"2019-08-23T11:41:10+00:00","twitter_card":"summary_large_image","schema":{"@context":"https:\/\/schema.org","@graph":[{"@type":"WebPage","@id":"https:\/\/christelemacchiavelli-photographe.com\/?page_id=30","url":"https:\/\/christelemacchiavelli-photographe.com\/?page_id=30","name":"Contact -","isPartOf":{"@id":"https:\/\/christelemacchiavelli-photographe.com\/#website"},"datePublished":"2019-08-22T12:47:32+00:00","dateModified":"2019-08-23T11:41:10+00:00","breadcrumb":{"@id":"https:\/\/christelemacchiavelli-photographe.com\/?page_id=30#breadcrumb"},"inLanguage":"fr-FR","potentialAction":[{"@type":"ReadAction","target":["https:\/\/christelemacchiavelli-photographe.com\/?page_id=30"]}]},{"@type":"BreadcrumbList","@id":"https:\/\/christelemacchiavelli-photographe.com\/?page_id=30#breadcrumb","itemListElement":[{"@type":"ListItem","position":1,"name":"Accueil","item":"https:\/\/christelemacchiavelli-photographe.com\/"},{"@type":"ListItem","position":2,"name":"Contact"}]},{"@type":"WebSite","@id":"https:\/\/christelemacchiavelli-photographe.com\/#website","url":"https:\/\/christelemacchiavelli-photographe.com\/","name":"","description":"Sp\u00e9cialis\u00e9e dans la photo de Nouveau-n\u00e9, B\u00e9b\u00e9 et Famille - Cr\u00e9atrice de souvenirs","publisher":{"@id":"https:\/\/christelemacchiavelli-photographe.com\/#organization"},"potentialAction":[{"@type":"SearchAction","target":{"@type":"EntryPoint","urlTemplate":"https:\/\/christelemacchiavelli-photographe.com\/?s={search_term_string}"},"query-input":{"@type":"PropertyValueSpecification","valueRequired":true,"valueName":"search_term_string"}}],"inLanguage":"fr-FR"},{"@type":"Organization","@id":"https:\/\/christelemacchiavelli-photographe.com\/#organization","name":"Christ\u00e8le Macchiavelli Photographe La Ciotat","url":"https:\/\/christelemacchiavelli-photographe.com\/","logo":{"@type":"ImageObject","inLanguage":"fr-FR","@id":"https:\/\/christelemacchiavelli-photographe.com\/#\/schema\/logo\/image\/","url":"https:\/\/christelemacchiavelli-photographe.com\/wp-content\/uploads\/2019\/09\/Logo-christelle-noir.jpg600.jpg","contentUrl":"https:\/\/christelemacchiavelli-photographe.com\/wp-content\/uploads\/2019\/09\/Logo-christelle-noir.jpg600.jpg","width":600,"height":425,"caption":"Christ\u00e8le Macchiavelli Photographe La Ciotat"},"image":{"@id":"https:\/\/christelemacchiavelli-photographe.com\/#\/schema\/logo\/image\/"}}]}},"_links":{"self":[{"href":"https:\/\/christelemacchiavelli-photographe.com\/index.php?rest_route=\/wp\/v2\/pages\/30","targetHints":{"allow":["GET"]}}],"collection":[{"href":"https:\/\/christelemacchiavelli-photographe.com\/index.php?rest_route=\/wp\/v2\/pages"}],"about":[{"href":"https:\/\/christelemacchiavelli-photographe.com\/index.php?rest_route=\/wp\/v2\/types\/page"}],"author":[{"embeddable":true,"href":"https:\/\/christelemacchiavelli-photographe.com\/index.php?rest_route=\/wp\/v2\/users\/1"}],"replies":[{"embeddable":true,"href":"https:\/\/christelemacchiavelli-photographe.com\/index.php?rest_route=%2Fwp%2Fv2%2Fcomments&post=30"}],"version-history":[{"count":6,"href":"https:\/\/christelemacchiavelli-photographe.com\/index.php?rest_route=\/wp\/v2\/pages\/30\/revisions"}],"predecessor-version":[{"id":113,"href":"https:\/\/christelemacchiavelli-photographe.com\/index.php?rest_route=\/wp\/v2\/pages\/30\/revisions\/113"}],"wp:attachment":[{"href":"https:\/\/christelemacchiavelli-photographe.com\/index.php?rest_route=%2Fwp%2Fv2%2Fmedia&parent=30"}],"curies":[{"name":"wp","href":"https:\/\/api.w.org\/{rel}","templated":true}]}}