{"id":544,"date":"2021-04-20T13:12:09","date_gmt":"2021-04-20T11:12:09","guid":{"rendered":"https:\/\/christelemacchiavelli-photographe.com\/?page_id=544"},"modified":"2021-05-11T19:53:00","modified_gmt":"2021-05-11T17:53:00","slug":"les-tarifs","status":"publish","type":"page","link":"https:\/\/christelemacchiavelli-photographe.com\/?page_id=544","title":{"rendered":"Les tarifs"},"content":{"rendered":"\n<div class=\"wp-block-columns is-layout-flex wp-container-core-columns-is-layout-9d6595d7 wp-block-columns-is-layout-flex\">\n<div class=\"wp-block-column is-layout-flow wp-block-column-is-layout-flow\">\n<hr class=\"wp-block-separator\"\/>\n\n\n\n<figure class=\"wp-block-image size-large\"><img loading=\"lazy\" decoding=\"async\" width=\"725\" height=\"1024\" src=\"https:\/\/christelemacchiavelli-photographe.com\/wp-content\/uploads\/2021\/05\/thumbnail_IMG_4996-725x1024.jpg\" alt=\"\" class=\"wp-image-577\" srcset=\"https:\/\/christelemacchiavelli-photographe.com\/wp-content\/uploads\/2021\/05\/thumbnail_IMG_4996-725x1024.jpg 725w, https:\/\/christelemacchiavelli-photographe.com\/wp-content\/uploads\/2021\/05\/thumbnail_IMG_4996-212x300.jpg 212w, https:\/\/christelemacchiavelli-photographe.com\/wp-content\/uploads\/2021\/05\/thumbnail_IMG_4996-768x1085.jpg 768w, https:\/\/christelemacchiavelli-photographe.com\/wp-content\/uploads\/2021\/05\/thumbnail_IMG_4996.jpg 906w\" sizes=\"auto, (max-width: 725px) 100vw, 725px\" \/><figcaption>#<\/figcaption><\/figure>\n\n\n\n<hr class=\"wp-block-separator\"\/>\n\n\n\n<div class=\"wp-block-columns is-layout-flex wp-container-core-columns-is-layout-9d6595d7 wp-block-columns-is-layout-flex\">\n<div class=\"wp-block-column is-layout-flow wp-block-column-is-layout-flow\">\n<figure class=\"wp-block-image size-large\"><img loading=\"lazy\" decoding=\"async\" width=\"725\" height=\"1024\" src=\"https:\/\/christelemacchiavelli-photographe.com\/wp-content\/uploads\/2021\/04\/AE990E1A-523E-4387-B8B8-54970648956B-725x1024.png\" alt=\"\" class=\"wp-image-533\" srcset=\"https:\/\/christelemacchiavelli-photographe.com\/wp-content\/uploads\/2021\/04\/AE990E1A-523E-4387-B8B8-54970648956B-725x1024.png 725w, https:\/\/christelemacchiavelli-photographe.com\/wp-content\/uploads\/2021\/04\/AE990E1A-523E-4387-B8B8-54970648956B-212x300.png 212w, https:\/\/christelemacchiavelli-photographe.com\/wp-content\/uploads\/2021\/04\/AE990E1A-523E-4387-B8B8-54970648956B-768x1085.png 768w, https:\/\/christelemacchiavelli-photographe.com\/wp-content\/uploads\/2021\/04\/AE990E1A-523E-4387-B8B8-54970648956B-1087x1536.png 1087w, https:\/\/christelemacchiavelli-photographe.com\/wp-content\/uploads\/2021\/04\/AE990E1A-523E-4387-B8B8-54970648956B.png 1416w\" sizes=\"auto, (max-width: 725px) 100vw, 725px\" \/><\/figure>\n<\/div>\n<\/div>\n<\/div>\n\n\n\n<div class=\"wp-block-column is-layout-flow wp-block-column-is-layout-flow\">\n<hr class=\"wp-block-separator\"\/>\n\n\n\n<figure class=\"wp-block-image size-large\"><img loading=\"lazy\" decoding=\"async\" width=\"725\" height=\"1024\" src=\"https:\/\/christelemacchiavelli-photographe.com\/wp-content\/uploads\/2021\/04\/image2-725x1024.png\" alt=\"\" class=\"wp-image-534\" srcset=\"https:\/\/christelemacchiavelli-photographe.com\/wp-content\/uploads\/2021\/04\/image2-725x1024.png 725w, https:\/\/christelemacchiavelli-photographe.com\/wp-content\/uploads\/2021\/04\/image2-212x300.png 212w, https:\/\/christelemacchiavelli-photographe.com\/wp-content\/uploads\/2021\/04\/image2-768x1085.png 768w, https:\/\/christelemacchiavelli-photographe.com\/wp-content\/uploads\/2021\/04\/image2-1087x1536.png 1087w, https:\/\/christelemacchiavelli-photographe.com\/wp-content\/uploads\/2021\/04\/image2.png 1416w\" sizes=\"auto, (max-width: 725px) 100vw, 725px\" \/><figcaption>#<\/figcaption><\/figure>\n\n\n\n<hr class=\"wp-block-separator\"\/>\n\n\n\n<figure class=\"wp-block-image size-large\"><img loading=\"lazy\" decoding=\"async\" width=\"725\" height=\"1024\" src=\"https:\/\/christelemacchiavelli-photographe.com\/wp-content\/uploads\/2021\/04\/thumbnail_image3-725x1024.png\" alt=\"\" class=\"wp-image-537\" srcset=\"https:\/\/christelemacchiavelli-photographe.com\/wp-content\/uploads\/2021\/04\/thumbnail_image3-725x1024.png 725w, https:\/\/christelemacchiavelli-photographe.com\/wp-content\/uploads\/2021\/04\/thumbnail_image3-212x300.png 212w, https:\/\/christelemacchiavelli-photographe.com\/wp-content\/uploads\/2021\/04\/thumbnail_image3-768x1085.png 768w, https:\/\/christelemacchiavelli-photographe.com\/wp-content\/uploads\/2021\/04\/thumbnail_image3.png 906w\" sizes=\"auto, (max-width: 725px) 100vw, 725px\" \/><\/figure>\n\n\n\n<p><\/p>\n<\/div>\n<\/div>\n\n\n\n<hr class=\"wp-block-separator\"\/>\n\n\n\n<div class=\"wp-block-columns is-layout-flex wp-container-core-columns-is-layout-9d6595d7 wp-block-columns-is-layout-flex\">\n<div class=\"wp-block-column is-layout-flow wp-block-column-is-layout-flow\">\n<div class=\"wp-block-image\"><figure class=\"aligncenter size-large is-resized\"><img loading=\"lazy\" decoding=\"async\" src=\"https:\/\/christelemacchiavelli-photographe.com\/wp-content\/uploads\/2021\/04\/image4-724x1024.png\" alt=\"\" class=\"wp-image-535\" width=\"499\" height=\"706\" srcset=\"https:\/\/christelemacchiavelli-photographe.com\/wp-content\/uploads\/2021\/04\/image4-724x1024.png 724w, https:\/\/christelemacchiavelli-photographe.com\/wp-content\/uploads\/2021\/04\/image4-212x300.png 212w, https:\/\/christelemacchiavelli-photographe.com\/wp-content\/uploads\/2021\/04\/image4-768x1086.png 768w, https:\/\/christelemacchiavelli-photographe.com\/wp-content\/uploads\/2021\/04\/image4-1086x1536.png 1086w, https:\/\/christelemacchiavelli-photographe.com\/wp-content\/uploads\/2021\/04\/image4.png 1414w\" sizes=\"auto, (max-width: 499px) 100vw, 499px\" \/><\/figure><\/div>\n<\/div>\n<\/div>\n","protected":false},"excerpt":{"rendered":"","protected":false},"author":2,"featured_media":0,"parent":0,"menu_order":0,"comment_status":"closed","ping_status":"closed","template":"","meta":{"footnotes":""},"class_list":["post-544","page","type-page","status-publish","hentry"],"yoast_head":"<!-- This site is optimized with the Yoast SEO plugin v27.4 - https:\/\/yoast.com\/product\/yoast-seo-wordpress\/ -->\n<title>Les tarifs -<\/title>\n<meta name=\"robots\" content=\"index, follow, max-snippet:-1, max-image-preview:large, max-video-preview:-1\" \/>\n<link rel=\"canonical\" href=\"https:\/\/christelemacchiavelli-photographe.com\/?page_id=544\" \/>\n<meta property=\"og:locale\" content=\"fr_FR\" \/>\n<meta property=\"og:type\" content=\"article\" \/>\n<meta property=\"og:title\" content=\"Les tarifs -\" \/>\n<meta property=\"og:url\" content=\"https:\/\/christelemacchiavelli-photographe.com\/?page_id=544\" \/>\n<meta property=\"article:modified_time\" content=\"2021-05-11T17:53:00+00:00\" \/>\n<meta property=\"og:image\" content=\"https:\/\/christelemacchiavelli-photographe.com\/wp-content\/uploads\/2021\/05\/thumbnail_IMG_4996-725x1024.jpg\" \/>\n<meta name=\"twitter:card\" content=\"summary_large_image\" \/>\n<meta name=\"twitter:label1\" content=\"Dur\u00e9e de lecture estim\u00e9e\" \/>\n\t<meta name=\"twitter:data1\" content=\"2 minutes\" \/>\n<script type=\"application\/ld+json\" class=\"yoast-schema-graph\">{\"@context\":\"https:\\\/\\\/schema.org\",\"@graph\":[{\"@type\":\"WebPage\",\"@id\":\"https:\\\/\\\/christelemacchiavelli-photographe.com\\\/?page_id=544\",\"url\":\"https:\\\/\\\/christelemacchiavelli-photographe.com\\\/?page_id=544\",\"name\":\"Les tarifs -\",\"isPartOf\":{\"@id\":\"https:\\\/\\\/christelemacchiavelli-photographe.com\\\/#website\"},\"primaryImageOfPage\":{\"@id\":\"https:\\\/\\\/christelemacchiavelli-photographe.com\\\/?page_id=544#primaryimage\"},\"image\":{\"@id\":\"https:\\\/\\\/christelemacchiavelli-photographe.com\\\/?page_id=544#primaryimage\"},\"thumbnailUrl\":\"https:\\\/\\\/christelemacchiavelli-photographe.com\\\/wp-content\\\/uploads\\\/2021\\\/05\\\/thumbnail_IMG_4996-725x1024.jpg\",\"datePublished\":\"2021-04-20T11:12:09+00:00\",\"dateModified\":\"2021-05-11T17:53:00+00:00\",\"breadcrumb\":{\"@id\":\"https:\\\/\\\/christelemacchiavelli-photographe.com\\\/?page_id=544#breadcrumb\"},\"inLanguage\":\"fr-FR\",\"potentialAction\":[{\"@type\":\"ReadAction\",\"target\":[\"https:\\\/\\\/christelemacchiavelli-photographe.com\\\/?page_id=544\"]}]},{\"@type\":\"ImageObject\",\"inLanguage\":\"fr-FR\",\"@id\":\"https:\\\/\\\/christelemacchiavelli-photographe.com\\\/?page_id=544#primaryimage\",\"url\":\"https:\\\/\\\/christelemacchiavelli-photographe.com\\\/wp-content\\\/uploads\\\/2021\\\/05\\\/thumbnail_IMG_4996.jpg\",\"contentUrl\":\"https:\\\/\\\/christelemacchiavelli-photographe.com\\\/wp-content\\\/uploads\\\/2021\\\/05\\\/thumbnail_IMG_4996.jpg\",\"width\":906,\"height\":1280},{\"@type\":\"BreadcrumbList\",\"@id\":\"https:\\\/\\\/christelemacchiavelli-photographe.com\\\/?page_id=544#breadcrumb\",\"itemListElement\":[{\"@type\":\"ListItem\",\"position\":1,\"name\":\"Accueil\",\"item\":\"https:\\\/\\\/christelemacchiavelli-photographe.com\\\/\"},{\"@type\":\"ListItem\",\"position\":2,\"name\":\"Les tarifs\"}]},{\"@type\":\"WebSite\",\"@id\":\"https:\\\/\\\/christelemacchiavelli-photographe.com\\\/#website\",\"url\":\"https:\\\/\\\/christelemacchiavelli-photographe.com\\\/\",\"name\":\"\",\"description\":\"Sp\u00e9cialis\u00e9e dans la photo de Nouveau-n\u00e9, B\u00e9b\u00e9 et Famille - Cr\u00e9atrice de souvenirs\",\"publisher\":{\"@id\":\"https:\\\/\\\/christelemacchiavelli-photographe.com\\\/#organization\"},\"potentialAction\":[{\"@type\":\"SearchAction\",\"target\":{\"@type\":\"EntryPoint\",\"urlTemplate\":\"https:\\\/\\\/christelemacchiavelli-photographe.com\\\/?s={search_term_string}\"},\"query-input\":{\"@type\":\"PropertyValueSpecification\",\"valueRequired\":true,\"valueName\":\"search_term_string\"}}],\"inLanguage\":\"fr-FR\"},{\"@type\":\"Organization\",\"@id\":\"https:\\\/\\\/christelemacchiavelli-photographe.com\\\/#organization\",\"name\":\"Christ\u00e8le Macchiavelli Photographe La Ciotat\",\"url\":\"https:\\\/\\\/christelemacchiavelli-photographe.com\\\/\",\"logo\":{\"@type\":\"ImageObject\",\"inLanguage\":\"fr-FR\",\"@id\":\"https:\\\/\\\/christelemacchiavelli-photographe.com\\\/#\\\/schema\\\/logo\\\/image\\\/\",\"url\":\"https:\\\/\\\/christelemacchiavelli-photographe.com\\\/wp-content\\\/uploads\\\/2019\\\/09\\\/Logo-christelle-noir.jpg600.jpg\",\"contentUrl\":\"https:\\\/\\\/christelemacchiavelli-photographe.com\\\/wp-content\\\/uploads\\\/2019\\\/09\\\/Logo-christelle-noir.jpg600.jpg\",\"width\":600,\"height\":425,\"caption\":\"Christ\u00e8le Macchiavelli Photographe La Ciotat\"},\"image\":{\"@id\":\"https:\\\/\\\/christelemacchiavelli-photographe.com\\\/#\\\/schema\\\/logo\\\/image\\\/\"}}]}<\/script>\n<!-- \/ Yoast SEO plugin. -->","yoast_head_json":{"title":"Les tarifs -","robots":{"index":"index","follow":"follow","max-snippet":"max-snippet:-1","max-image-preview":"max-image-preview:large","max-video-preview":"max-video-preview:-1"},"canonical":"https:\/\/christelemacchiavelli-photographe.com\/?page_id=544","og_locale":"fr_FR","og_type":"article","og_title":"Les tarifs -","og_url":"https:\/\/christelemacchiavelli-photographe.com\/?page_id=544","article_modified_time":"2021-05-11T17:53:00+00:00","og_image":[{"url":"https:\/\/christelemacchiavelli-photographe.com\/wp-content\/uploads\/2021\/05\/thumbnail_IMG_4996-725x1024.jpg","type":"","width":"","height":""}],"twitter_card":"summary_large_image","twitter_misc":{"Dur\u00e9e de lecture estim\u00e9e":"2 minutes"},"schema":{"@context":"https:\/\/schema.org","@graph":[{"@type":"WebPage","@id":"https:\/\/christelemacchiavelli-photographe.com\/?page_id=544","url":"https:\/\/christelemacchiavelli-photographe.com\/?page_id=544","name":"Les tarifs -","isPartOf":{"@id":"https:\/\/christelemacchiavelli-photographe.com\/#website"},"primaryImageOfPage":{"@id":"https:\/\/christelemacchiavelli-photographe.com\/?page_id=544#primaryimage"},"image":{"@id":"https:\/\/christelemacchiavelli-photographe.com\/?page_id=544#primaryimage"},"thumbnailUrl":"https:\/\/christelemacchiavelli-photographe.com\/wp-content\/uploads\/2021\/05\/thumbnail_IMG_4996-725x1024.jpg","datePublished":"2021-04-20T11:12:09+00:00","dateModified":"2021-05-11T17:53:00+00:00","breadcrumb":{"@id":"https:\/\/christelemacchiavelli-photographe.com\/?page_id=544#breadcrumb"},"inLanguage":"fr-FR","potentialAction":[{"@type":"ReadAction","target":["https:\/\/christelemacchiavelli-photographe.com\/?page_id=544"]}]},{"@type":"ImageObject","inLanguage":"fr-FR","@id":"https:\/\/christelemacchiavelli-photographe.com\/?page_id=544#primaryimage","url":"https:\/\/christelemacchiavelli-photographe.com\/wp-content\/uploads\/2021\/05\/thumbnail_IMG_4996.jpg","contentUrl":"https:\/\/christelemacchiavelli-photographe.com\/wp-content\/uploads\/2021\/05\/thumbnail_IMG_4996.jpg","width":906,"height":1280},{"@type":"BreadcrumbList","@id":"https:\/\/christelemacchiavelli-photographe.com\/?page_id=544#breadcrumb","itemListElement":[{"@type":"ListItem","position":1,"name":"Accueil","item":"https:\/\/christelemacchiavelli-photographe.com\/"},{"@type":"ListItem","position":2,"name":"Les tarifs"}]},{"@type":"WebSite","@id":"https:\/\/christelemacchiavelli-photographe.com\/#website","url":"https:\/\/christelemacchiavelli-photographe.com\/","name":"","description":"Sp\u00e9cialis\u00e9e dans la photo de Nouveau-n\u00e9, B\u00e9b\u00e9 et Famille - Cr\u00e9atrice de souvenirs","publisher":{"@id":"https:\/\/christelemacchiavelli-photographe.com\/#organization"},"potentialAction":[{"@type":"SearchAction","target":{"@type":"EntryPoint","urlTemplate":"https:\/\/christelemacchiavelli-photographe.com\/?s={search_term_string}"},"query-input":{"@type":"PropertyValueSpecification","valueRequired":true,"valueName":"search_term_string"}}],"inLanguage":"fr-FR"},{"@type":"Organization","@id":"https:\/\/christelemacchiavelli-photographe.com\/#organization","name":"Christ\u00e8le Macchiavelli Photographe La Ciotat","url":"https:\/\/christelemacchiavelli-photographe.com\/","logo":{"@type":"ImageObject","inLanguage":"fr-FR","@id":"https:\/\/christelemacchiavelli-photographe.com\/#\/schema\/logo\/image\/","url":"https:\/\/christelemacchiavelli-photographe.com\/wp-content\/uploads\/2019\/09\/Logo-christelle-noir.jpg600.jpg","contentUrl":"https:\/\/christelemacchiavelli-photographe.com\/wp-content\/uploads\/2019\/09\/Logo-christelle-noir.jpg600.jpg","width":600,"height":425,"caption":"Christ\u00e8le Macchiavelli Photographe La Ciotat"},"image":{"@id":"https:\/\/christelemacchiavelli-photographe.com\/#\/schema\/logo\/image\/"}}]}},"_links":{"self":[{"href":"https:\/\/christelemacchiavelli-photographe.com\/index.php?rest_route=\/wp\/v2\/pages\/544","targetHints":{"allow":["GET"]}}],"collection":[{"href":"https:\/\/christelemacchiavelli-photographe.com\/index.php?rest_route=\/wp\/v2\/pages"}],"about":[{"href":"https:\/\/christelemacchiavelli-photographe.com\/index.php?rest_route=\/wp\/v2\/types\/page"}],"author":[{"embeddable":true,"href":"https:\/\/christelemacchiavelli-photographe.com\/index.php?rest_route=\/wp\/v2\/users\/2"}],"replies":[{"embeddable":true,"href":"https:\/\/christelemacchiavelli-photographe.com\/index.php?rest_route=%2Fwp%2Fv2%2Fcomments&post=544"}],"version-history":[{"count":10,"href":"https:\/\/christelemacchiavelli-photographe.com\/index.php?rest_route=\/wp\/v2\/pages\/544\/revisions"}],"predecessor-version":[{"id":658,"href":"https:\/\/christelemacchiavelli-photographe.com\/index.php?rest_route=\/wp\/v2\/pages\/544\/revisions\/658"}],"wp:attachment":[{"href":"https:\/\/christelemacchiavelli-photographe.com\/index.php?rest_route=%2Fwp%2Fv2%2Fmedia&parent=544"}],"curies":[{"name":"wp","href":"https:\/\/api.w.org\/{rel}","templated":true}]}}