{"id":573,"date":"2021-04-21T10:31:17","date_gmt":"2021-04-21T08:31:17","guid":{"rendered":"https:\/\/christelemacchiavelli-photographe.com\/?page_id=573"},"modified":"2021-04-21T10:31:18","modified_gmt":"2021-04-21T08:31:18","slug":"seance-bebe-tient-assis","status":"publish","type":"page","link":"https:\/\/christelemacchiavelli-photographe.com\/?page_id=573","title":{"rendered":"S\u00e9ance b\u00e9b\u00e9 tient assis"},"content":{"rendered":"","protected":false},"excerpt":{"rendered":"","protected":false},"author":2,"featured_media":0,"parent":0,"menu_order":0,"comment_status":"closed","ping_status":"closed","template":"","meta":{"footnotes":""},"class_list":["post-573","page","type-page","status-publish","hentry"],"yoast_head":"<!-- This site is optimized with the Yoast SEO plugin v27.4 - https:\/\/yoast.com\/product\/yoast-seo-wordpress\/ -->\n<title>S\u00e9ance b\u00e9b\u00e9 tient assis -<\/title>\n<meta name=\"robots\" content=\"index, follow, max-snippet:-1, max-image-preview:large, max-video-preview:-1\" \/>\n<link rel=\"canonical\" href=\"https:\/\/christelemacchiavelli-photographe.com\/?page_id=573\" \/>\n<meta property=\"og:locale\" content=\"fr_FR\" \/>\n<meta property=\"og:type\" content=\"article\" \/>\n<meta property=\"og:title\" content=\"S\u00e9ance b\u00e9b\u00e9 tient assis -\" \/>\n<meta property=\"og:url\" content=\"https:\/\/christelemacchiavelli-photographe.com\/?page_id=573\" \/>\n<meta property=\"article:modified_time\" content=\"2021-04-21T08:31:18+00:00\" \/>\n<meta name=\"twitter:card\" content=\"summary_large_image\" \/>\n<script type=\"application\/ld+json\" class=\"yoast-schema-graph\">{\"@context\":\"https:\\\/\\\/schema.org\",\"@graph\":[{\"@type\":\"WebPage\",\"@id\":\"https:\\\/\\\/christelemacchiavelli-photographe.com\\\/?page_id=573\",\"url\":\"https:\\\/\\\/christelemacchiavelli-photographe.com\\\/?page_id=573\",\"name\":\"S\u00e9ance b\u00e9b\u00e9 tient assis -\",\"isPartOf\":{\"@id\":\"https:\\\/\\\/christelemacchiavelli-photographe.com\\\/#website\"},\"datePublished\":\"2021-04-21T08:31:17+00:00\",\"dateModified\":\"2021-04-21T08:31:18+00:00\",\"breadcrumb\":{\"@id\":\"https:\\\/\\\/christelemacchiavelli-photographe.com\\\/?page_id=573#breadcrumb\"},\"inLanguage\":\"fr-FR\",\"potentialAction\":[{\"@type\":\"ReadAction\",\"target\":[\"https:\\\/\\\/christelemacchiavelli-photographe.com\\\/?page_id=573\"]}]},{\"@type\":\"BreadcrumbList\",\"@id\":\"https:\\\/\\\/christelemacchiavelli-photographe.com\\\/?page_id=573#breadcrumb\",\"itemListElement\":[{\"@type\":\"ListItem\",\"position\":1,\"name\":\"Accueil\",\"item\":\"https:\\\/\\\/christelemacchiavelli-photographe.com\\\/\"},{\"@type\":\"ListItem\",\"position\":2,\"name\":\"S\u00e9ance b\u00e9b\u00e9 tient assis\"}]},{\"@type\":\"WebSite\",\"@id\":\"https:\\\/\\\/christelemacchiavelli-photographe.com\\\/#website\",\"url\":\"https:\\\/\\\/christelemacchiavelli-photographe.com\\\/\",\"name\":\"\",\"description\":\"Sp\u00e9cialis\u00e9e dans la photo de Nouveau-n\u00e9, B\u00e9b\u00e9 et Famille - Cr\u00e9atrice de souvenirs\",\"publisher\":{\"@id\":\"https:\\\/\\\/christelemacchiavelli-photographe.com\\\/#organization\"},\"potentialAction\":[{\"@type\":\"SearchAction\",\"target\":{\"@type\":\"EntryPoint\",\"urlTemplate\":\"https:\\\/\\\/christelemacchiavelli-photographe.com\\\/?s={search_term_string}\"},\"query-input\":{\"@type\":\"PropertyValueSpecification\",\"valueRequired\":true,\"valueName\":\"search_term_string\"}}],\"inLanguage\":\"fr-FR\"},{\"@type\":\"Organization\",\"@id\":\"https:\\\/\\\/christelemacchiavelli-photographe.com\\\/#organization\",\"name\":\"Christ\u00e8le Macchiavelli Photographe La Ciotat\",\"url\":\"https:\\\/\\\/christelemacchiavelli-photographe.com\\\/\",\"logo\":{\"@type\":\"ImageObject\",\"inLanguage\":\"fr-FR\",\"@id\":\"https:\\\/\\\/christelemacchiavelli-photographe.com\\\/#\\\/schema\\\/logo\\\/image\\\/\",\"url\":\"https:\\\/\\\/christelemacchiavelli-photographe.com\\\/wp-content\\\/uploads\\\/2019\\\/09\\\/Logo-christelle-noir.jpg600.jpg\",\"contentUrl\":\"https:\\\/\\\/christelemacchiavelli-photographe.com\\\/wp-content\\\/uploads\\\/2019\\\/09\\\/Logo-christelle-noir.jpg600.jpg\",\"width\":600,\"height\":425,\"caption\":\"Christ\u00e8le Macchiavelli Photographe La Ciotat\"},\"image\":{\"@id\":\"https:\\\/\\\/christelemacchiavelli-photographe.com\\\/#\\\/schema\\\/logo\\\/image\\\/\"}}]}<\/script>\n<!-- \/ Yoast SEO plugin. -->","yoast_head_json":{"title":"S\u00e9ance b\u00e9b\u00e9 tient assis -","robots":{"index":"index","follow":"follow","max-snippet":"max-snippet:-1","max-image-preview":"max-image-preview:large","max-video-preview":"max-video-preview:-1"},"canonical":"https:\/\/christelemacchiavelli-photographe.com\/?page_id=573","og_locale":"fr_FR","og_type":"article","og_title":"S\u00e9ance b\u00e9b\u00e9 tient assis -","og_url":"https:\/\/christelemacchiavelli-photographe.com\/?page_id=573","article_modified_time":"2021-04-21T08:31:18+00:00","twitter_card":"summary_large_image","schema":{"@context":"https:\/\/schema.org","@graph":[{"@type":"WebPage","@id":"https:\/\/christelemacchiavelli-photographe.com\/?page_id=573","url":"https:\/\/christelemacchiavelli-photographe.com\/?page_id=573","name":"S\u00e9ance b\u00e9b\u00e9 tient assis -","isPartOf":{"@id":"https:\/\/christelemacchiavelli-photographe.com\/#website"},"datePublished":"2021-04-21T08:31:17+00:00","dateModified":"2021-04-21T08:31:18+00:00","breadcrumb":{"@id":"https:\/\/christelemacchiavelli-photographe.com\/?page_id=573#breadcrumb"},"inLanguage":"fr-FR","potentialAction":[{"@type":"ReadAction","target":["https:\/\/christelemacchiavelli-photographe.com\/?page_id=573"]}]},{"@type":"BreadcrumbList","@id":"https:\/\/christelemacchiavelli-photographe.com\/?page_id=573#breadcrumb","itemListElement":[{"@type":"ListItem","position":1,"name":"Accueil","item":"https:\/\/christelemacchiavelli-photographe.com\/"},{"@type":"ListItem","position":2,"name":"S\u00e9ance b\u00e9b\u00e9 tient assis"}]},{"@type":"WebSite","@id":"https:\/\/christelemacchiavelli-photographe.com\/#website","url":"https:\/\/christelemacchiavelli-photographe.com\/","name":"","description":"Sp\u00e9cialis\u00e9e dans la photo de Nouveau-n\u00e9, B\u00e9b\u00e9 et Famille - Cr\u00e9atrice de souvenirs","publisher":{"@id":"https:\/\/christelemacchiavelli-photographe.com\/#organization"},"potentialAction":[{"@type":"SearchAction","target":{"@type":"EntryPoint","urlTemplate":"https:\/\/christelemacchiavelli-photographe.com\/?s={search_term_string}"},"query-input":{"@type":"PropertyValueSpecification","valueRequired":true,"valueName":"search_term_string"}}],"inLanguage":"fr-FR"},{"@type":"Organization","@id":"https:\/\/christelemacchiavelli-photographe.com\/#organization","name":"Christ\u00e8le Macchiavelli Photographe La Ciotat","url":"https:\/\/christelemacchiavelli-photographe.com\/","logo":{"@type":"ImageObject","inLanguage":"fr-FR","@id":"https:\/\/christelemacchiavelli-photographe.com\/#\/schema\/logo\/image\/","url":"https:\/\/christelemacchiavelli-photographe.com\/wp-content\/uploads\/2019\/09\/Logo-christelle-noir.jpg600.jpg","contentUrl":"https:\/\/christelemacchiavelli-photographe.com\/wp-content\/uploads\/2019\/09\/Logo-christelle-noir.jpg600.jpg","width":600,"height":425,"caption":"Christ\u00e8le Macchiavelli Photographe La Ciotat"},"image":{"@id":"https:\/\/christelemacchiavelli-photographe.com\/#\/schema\/logo\/image\/"}}]}},"_links":{"self":[{"href":"https:\/\/christelemacchiavelli-photographe.com\/index.php?rest_route=\/wp\/v2\/pages\/573","targetHints":{"allow":["GET"]}}],"collection":[{"href":"https:\/\/christelemacchiavelli-photographe.com\/index.php?rest_route=\/wp\/v2\/pages"}],"about":[{"href":"https:\/\/christelemacchiavelli-photographe.com\/index.php?rest_route=\/wp\/v2\/types\/page"}],"author":[{"embeddable":true,"href":"https:\/\/christelemacchiavelli-photographe.com\/index.php?rest_route=\/wp\/v2\/users\/2"}],"replies":[{"embeddable":true,"href":"https:\/\/christelemacchiavelli-photographe.com\/index.php?rest_route=%2Fwp%2Fv2%2Fcomments&post=573"}],"version-history":[{"count":1,"href":"https:\/\/christelemacchiavelli-photographe.com\/index.php?rest_route=\/wp\/v2\/pages\/573\/revisions"}],"predecessor-version":[{"id":575,"href":"https:\/\/christelemacchiavelli-photographe.com\/index.php?rest_route=\/wp\/v2\/pages\/573\/revisions\/575"}],"wp:attachment":[{"href":"https:\/\/christelemacchiavelli-photographe.com\/index.php?rest_route=%2Fwp%2Fv2%2Fmedia&parent=573"}],"curies":[{"name":"wp","href":"https:\/\/api.w.org\/{rel}","templated":true}]}}