{"id":67,"date":"2019-08-22T23:26:24","date_gmt":"2019-08-22T21:26:24","guid":{"rendered":"http:\/\/christelemacchiavelli-photographe.com\/?page_id=67"},"modified":"2021-05-11T19:38:44","modified_gmt":"2021-05-11T17:38:44","slug":"accueil","status":"publish","type":"page","link":"https:\/\/christelemacchiavelli-photographe.com\/","title":{"rendered":"Accueil"},"content":{"rendered":"\n<p class=\"has-text-align-center has-text-color\" style=\"color:#e691e5\"><em><strong><span style=\"color:#f29e9e\" class=\"has-inline-color\">Photographe professionnelle et ind\u00e9pendante sur La Ciotat et ses alentours<\/span><\/strong><\/em><\/p>\n\n\n\n\n\n\n<hr class=\"wp-block-separator\"\/>\n\n\n\n<h3 class=\"has-text-align-center wp-block-heading\"><strong><span style=\"color:#f29e9e\" class=\"has-inline-color\">Capturons ensemble ces instants de bonheur<\/span><\/strong><\/h3>\n\n\n\n<p class=\"has-text-align-center\"><strong><span style=\"color:#f29e9e\" class=\"has-inline-color\">Cr\u00e9atrice de souvenirs. Plus qu&rsquo;une simple s\u00e9ance photos, je vous invite \u00e0 vivre une v\u00e9ritable exp\u00e9rience en famille.<\/span><\/strong><\/p>\n\n\n\n<hr class=\"wp-block-separator\"\/>\n\n\n\n<div class=\"wp-block-columns is-layout-flex wp-container-core-columns-is-layout-9d6595d7 wp-block-columns-is-layout-flex\"><\/div>\n\n\n\n<div class=\"wp-block-columns is-layout-flex wp-container-core-columns-is-layout-9d6595d7 wp-block-columns-is-layout-flex\"><\/div>\n\n\n\n<hr class=\"wp-block-separator\"\/>\n\n\n\n<div class=\"wp-block-group alignwide\"><div class=\"wp-block-group__inner-container is-layout-flow wp-block-group-is-layout-flow\">\n<div class=\"wp-block-columns is-layout-flex wp-container-core-columns-is-layout-9d6595d7 wp-block-columns-is-layout-flex\">\n<div class=\"wp-block-column is-layout-flow wp-block-column-is-layout-flow\">\n<div class=\"wp-block-group alignwide\"><div class=\"wp-block-group__inner-container is-layout-flow wp-block-group-is-layout-flow\">\n<div class=\"wp-block-image\"><figure class=\"aligncenter size-large is-resized\"><a href=\"https:\/\/christelemacchiavelli-photographe.com\/?page_id=81\"><img loading=\"lazy\" decoding=\"async\" src=\"https:\/\/christelemacchiavelli-photographe.com\/wp-content\/uploads\/2021\/05\/thumbnail_DSC_6943-1024x683.jpg\" alt=\"\" class=\"wp-image-591\" width=\"254\" height=\"168\" srcset=\"https:\/\/christelemacchiavelli-photographe.com\/wp-content\/uploads\/2021\/05\/thumbnail_DSC_6943-1024x683.jpg 1024w, https:\/\/christelemacchiavelli-photographe.com\/wp-content\/uploads\/2021\/05\/thumbnail_DSC_6943-300x200.jpg 300w, https:\/\/christelemacchiavelli-photographe.com\/wp-content\/uploads\/2021\/05\/thumbnail_DSC_6943-768x512.jpg 768w, https:\/\/christelemacchiavelli-photographe.com\/wp-content\/uploads\/2021\/05\/thumbnail_DSC_6943.jpg 1280w\" sizes=\"auto, (max-width: 254px) 100vw, 254px\" \/><\/a><\/figure><\/div>\n\n\n\n<h3 class=\"has-text-align-center wp-block-heading\"><a href=\"https:\/\/christelemacchiavelli-photographe.com\/?page_id=81\"><span style=\"color:#f29e9e\" class=\"has-inline-color\">Maternit\u00e9<\/span><\/a><\/h3>\n\n\n\n<p><\/p>\n<\/div><\/div>\n<\/div>\n\n\n\n<div class=\"wp-block-column is-layout-flow wp-block-column-is-layout-flow\">\n<div class=\"wp-block-image\"><figure class=\"aligncenter size-large is-resized\"><a href=\"https:\/\/christelemacchiavelli-photographe.com\/?page_id=84\"><img loading=\"lazy\" decoding=\"async\" src=\"https:\/\/christelemacchiavelli-photographe.com\/wp-content\/uploads\/2019\/08\/b\u00e9b\u00e93.jpg\" alt=\"\" class=\"wp-image-156\" width=\"256\" height=\"170\" srcset=\"https:\/\/christelemacchiavelli-photographe.com\/wp-content\/uploads\/2019\/08\/b\u00e9b\u00e93.jpg 800w, https:\/\/christelemacchiavelli-photographe.com\/wp-content\/uploads\/2019\/08\/b\u00e9b\u00e93-300x200.jpg 300w, https:\/\/christelemacchiavelli-photographe.com\/wp-content\/uploads\/2019\/08\/b\u00e9b\u00e93-768x513.jpg 768w\" sizes=\"auto, (max-width: 256px) 100vw, 256px\" \/><\/a><\/figure><\/div>\n\n\n\n<h3 class=\"has-text-align-center wp-block-heading\"><strong><a href=\"https:\/\/christelemacchiavelli-photographe.com\/?page_id=84\"><span style=\"color:#f29e9e\" class=\"has-inline-color\">Nouveau-b\u00e9b\u00e9<\/span><\/a><\/strong><\/h3>\n<\/div>\n\n\n\n<div class=\"wp-block-column is-layout-flow wp-block-column-is-layout-flow\">\n<div class=\"wp-block-image\"><figure class=\"aligncenter size-large is-resized\"><a href=\"https:\/\/christelemacchiavelli-photographe.com\/?page_id=573\"><img loading=\"lazy\" decoding=\"async\" src=\"https:\/\/christelemacchiavelli-photographe.com\/wp-content\/uploads\/2021\/05\/thumbnail_DSC_0860-1-1024x715.jpg\" alt=\"\" class=\"wp-image-602\" width=\"245\" height=\"170\" srcset=\"https:\/\/christelemacchiavelli-photographe.com\/wp-content\/uploads\/2021\/05\/thumbnail_DSC_0860-1-1024x715.jpg 1024w, https:\/\/christelemacchiavelli-photographe.com\/wp-content\/uploads\/2021\/05\/thumbnail_DSC_0860-1-768x536.jpg 768w, https:\/\/christelemacchiavelli-photographe.com\/wp-content\/uploads\/2021\/05\/thumbnail_DSC_0860-1.jpg 1280w\" sizes=\"auto, (max-width: 245px) 100vw, 245px\" \/><\/a><\/figure><\/div>\n\n\n\n<h3 class=\"has-text-align-center wp-block-heading\"><a href=\"https:\/\/christelemacchiavelli-photographe.com\/?page_id=573\"><span style=\"color:#f29e9e\" class=\"has-inline-color\">B\u00e9b\u00e9 assis<\/span><\/a><\/h3>\n<\/div>\n\n\n\n<div class=\"wp-block-column is-layout-flow wp-block-column-is-layout-flow\">\n<div class=\"wp-block-image\"><figure class=\"aligncenter size-large is-resized\"><img loading=\"lazy\" decoding=\"async\" src=\"https:\/\/christelemacchiavelli-photographe.com\/wp-content\/uploads\/2019\/09\/galerie-portrait3.jpg\" alt=\"\" class=\"wp-image-297\" width=\"255\" height=\"170\" srcset=\"https:\/\/christelemacchiavelli-photographe.com\/wp-content\/uploads\/2019\/09\/galerie-portrait3.jpg 600w, https:\/\/christelemacchiavelli-photographe.com\/wp-content\/uploads\/2019\/09\/galerie-portrait3-300x201.jpg 300w\" sizes=\"auto, (max-width: 255px) 100vw, 255px\" \/><\/figure><\/div>\n\n\n\n<h3 class=\"has-text-align-center wp-block-heading\"><a href=\"https:\/\/christelemacchiavelli-photographe.com\/?page_id=90\"><span style=\"color:#f29e9e\" class=\"has-inline-color\">Famille \/ Enfant<\/span><\/a><\/h3>\n<\/div>\n<\/div>\n<\/div><\/div>\n\n\n\n<div class=\"wp-block-columns is-layout-flex wp-container-core-columns-is-layout-9d6595d7 wp-block-columns-is-layout-flex\">\n<div class=\"wp-block-column is-layout-flow wp-block-column-is-layout-flow\">\n<h3 class=\"has-text-align-center wp-block-heading\"><\/h3>\n<\/div>\n\n\n\n<div class=\"wp-block-column is-layout-flow wp-block-column-is-layout-flow\">\n<h3 class=\"has-text-align-center wp-block-heading\"><\/h3>\n<\/div>\n\n\n\n<div class=\"wp-block-column is-layout-flow wp-block-column-is-layout-flow\">\n<h3 class=\"has-text-align-center wp-block-heading\"><\/h3>\n\n\n\n<hr class=\"wp-block-separator\"\/>\n\n\n\n<p><\/p>\n<\/div>\n\n\n\n<div class=\"wp-block-column is-layout-flow wp-block-column-is-layout-flow\">\n<h3 class=\"has-text-align-center wp-block-heading\"><\/h3>\n<\/div>\n<\/div>\n\n\n\n<p class=\"has-text-align-center\"><em>Je vous souhaite la bienvenue sur mon site <\/em><\/p>\n\n\n\n<p class=\"has-text-align-center\">Je vous propose un large choix de prestations photographiques, de la <em><strong>grossesse<\/strong><\/em>, \u00e0 la <strong><em>naissance<\/em><\/strong>, ainsi que les moments de joie en<strong><em> famille<\/em><\/strong>.<\/p>\n\n\n\n<p class=\"has-text-align-center\">Je suis \u00e0 votre disposition pour r\u00e9pondre \u00e0 vos besoins et vos envies.<\/p>\n\n\n\n<blockquote class=\"wp-block-quote has-text-align-center is-style-default is-layout-flow wp-block-quote-is-layout-flow\"><p>N&rsquo;h\u00e9sitez pas \u00e0 me contacter afin d&rsquo;en discuter ensemble !<\/p><p>Christ\u00e8le.<\/p><\/blockquote>\n\n\n\n<p><\/p>\n","protected":false},"excerpt":{"rendered":"<p>Photographe professionnelle et ind\u00e9pendante sur La Ciotat et ses alentours Capturons ensemble ces instants de bonheur Cr\u00e9atrice de souvenirs. Plus&hellip;<\/p>\n","protected":false},"author":1,"featured_media":0,"parent":0,"menu_order":0,"comment_status":"closed","ping_status":"closed","template":"","meta":{"footnotes":""},"class_list":["post-67","page","type-page","status-publish","hentry"],"yoast_head":"<!-- This site is optimized with the Yoast SEO plugin v27.5 - https:\/\/yoast.com\/product\/yoast-seo-wordpress\/ -->\n<title>Accueil -<\/title>\n<meta name=\"robots\" content=\"index, follow, max-snippet:-1, max-image-preview:large, max-video-preview:-1\" \/>\n<link rel=\"canonical\" href=\"https:\/\/christelemacchiavelli-photographe.com\/\" \/>\n<meta property=\"og:locale\" content=\"fr_FR\" \/>\n<meta property=\"og:type\" content=\"article\" \/>\n<meta property=\"og:title\" content=\"Accueil -\" \/>\n<meta property=\"og:description\" content=\"Photographe professionnelle et ind\u00e9pendante sur La Ciotat et ses alentours Capturons ensemble ces instants de bonheur Cr\u00e9atrice de souvenirs. Plus&hellip;\" \/>\n<meta property=\"og:url\" content=\"https:\/\/christelemacchiavelli-photographe.com\/\" \/>\n<meta property=\"article:modified_time\" content=\"2021-05-11T17:38:44+00:00\" \/>\n<meta property=\"og:image\" content=\"https:\/\/christelemacchiavelli-photographe.com\/wp-content\/uploads\/2021\/05\/thumbnail_DSC_6943-1024x683.jpg\" \/>\n<meta name=\"twitter:card\" content=\"summary_large_image\" \/>\n<meta name=\"twitter:label1\" content=\"Dur\u00e9e de lecture estim\u00e9e\" \/>\n\t<meta name=\"twitter:data1\" content=\"2 minutes\" \/>\n<script type=\"application\/ld+json\" class=\"yoast-schema-graph\">{\"@context\":\"https:\\\/\\\/schema.org\",\"@graph\":[{\"@type\":\"WebPage\",\"@id\":\"https:\\\/\\\/christelemacchiavelli-photographe.com\\\/\",\"url\":\"https:\\\/\\\/christelemacchiavelli-photographe.com\\\/\",\"name\":\"Accueil -\",\"isPartOf\":{\"@id\":\"https:\\\/\\\/christelemacchiavelli-photographe.com\\\/#website\"},\"primaryImageOfPage\":{\"@id\":\"https:\\\/\\\/christelemacchiavelli-photographe.com\\\/#primaryimage\"},\"image\":{\"@id\":\"https:\\\/\\\/christelemacchiavelli-photographe.com\\\/#primaryimage\"},\"thumbnailUrl\":\"https:\\\/\\\/christelemacchiavelli-photographe.com\\\/wp-content\\\/uploads\\\/2021\\\/05\\\/thumbnail_DSC_6943-1024x683.jpg\",\"datePublished\":\"2019-08-22T21:26:24+00:00\",\"dateModified\":\"2021-05-11T17:38:44+00:00\",\"breadcrumb\":{\"@id\":\"https:\\\/\\\/christelemacchiavelli-photographe.com\\\/#breadcrumb\"},\"inLanguage\":\"fr-FR\",\"potentialAction\":[{\"@type\":\"ReadAction\",\"target\":[\"https:\\\/\\\/christelemacchiavelli-photographe.com\\\/\"]}]},{\"@type\":\"ImageObject\",\"inLanguage\":\"fr-FR\",\"@id\":\"https:\\\/\\\/christelemacchiavelli-photographe.com\\\/#primaryimage\",\"url\":\"https:\\\/\\\/christelemacchiavelli-photographe.com\\\/wp-content\\\/uploads\\\/2021\\\/05\\\/thumbnail_DSC_6943.jpg\",\"contentUrl\":\"https:\\\/\\\/christelemacchiavelli-photographe.com\\\/wp-content\\\/uploads\\\/2021\\\/05\\\/thumbnail_DSC_6943.jpg\",\"width\":1280,\"height\":854},{\"@type\":\"BreadcrumbList\",\"@id\":\"https:\\\/\\\/christelemacchiavelli-photographe.com\\\/#breadcrumb\",\"itemListElement\":[{\"@type\":\"ListItem\",\"position\":1,\"name\":\"Accueil\",\"item\":\"https:\\\/\\\/christelemacchiavelli-photographe.com\\\/\"},{\"@type\":\"ListItem\",\"position\":2,\"name\":\"Accueil\"}]},{\"@type\":\"WebSite\",\"@id\":\"https:\\\/\\\/christelemacchiavelli-photographe.com\\\/#website\",\"url\":\"https:\\\/\\\/christelemacchiavelli-photographe.com\\\/\",\"name\":\"\",\"description\":\"Sp\u00e9cialis\u00e9e dans la photo de Nouveau-n\u00e9, B\u00e9b\u00e9 et Famille - Cr\u00e9atrice de souvenirs\",\"publisher\":{\"@id\":\"https:\\\/\\\/christelemacchiavelli-photographe.com\\\/#organization\"},\"potentialAction\":[{\"@type\":\"SearchAction\",\"target\":{\"@type\":\"EntryPoint\",\"urlTemplate\":\"https:\\\/\\\/christelemacchiavelli-photographe.com\\\/?s={search_term_string}\"},\"query-input\":{\"@type\":\"PropertyValueSpecification\",\"valueRequired\":true,\"valueName\":\"search_term_string\"}}],\"inLanguage\":\"fr-FR\"},{\"@type\":\"Organization\",\"@id\":\"https:\\\/\\\/christelemacchiavelli-photographe.com\\\/#organization\",\"name\":\"Christ\u00e8le Macchiavelli Photographe La Ciotat\",\"url\":\"https:\\\/\\\/christelemacchiavelli-photographe.com\\\/\",\"logo\":{\"@type\":\"ImageObject\",\"inLanguage\":\"fr-FR\",\"@id\":\"https:\\\/\\\/christelemacchiavelli-photographe.com\\\/#\\\/schema\\\/logo\\\/image\\\/\",\"url\":\"https:\\\/\\\/christelemacchiavelli-photographe.com\\\/wp-content\\\/uploads\\\/2019\\\/09\\\/Logo-christelle-noir.jpg600.jpg\",\"contentUrl\":\"https:\\\/\\\/christelemacchiavelli-photographe.com\\\/wp-content\\\/uploads\\\/2019\\\/09\\\/Logo-christelle-noir.jpg600.jpg\",\"width\":600,\"height\":425,\"caption\":\"Christ\u00e8le Macchiavelli Photographe La Ciotat\"},\"image\":{\"@id\":\"https:\\\/\\\/christelemacchiavelli-photographe.com\\\/#\\\/schema\\\/logo\\\/image\\\/\"}}]}<\/script>\n<!-- \/ Yoast SEO plugin. -->","yoast_head_json":{"title":"Accueil -","robots":{"index":"index","follow":"follow","max-snippet":"max-snippet:-1","max-image-preview":"max-image-preview:large","max-video-preview":"max-video-preview:-1"},"canonical":"https:\/\/christelemacchiavelli-photographe.com\/","og_locale":"fr_FR","og_type":"article","og_title":"Accueil -","og_description":"Photographe professionnelle et ind\u00e9pendante sur La Ciotat et ses alentours Capturons ensemble ces instants de bonheur Cr\u00e9atrice de souvenirs. Plus&hellip;","og_url":"https:\/\/christelemacchiavelli-photographe.com\/","article_modified_time":"2021-05-11T17:38:44+00:00","og_image":[{"url":"https:\/\/christelemacchiavelli-photographe.com\/wp-content\/uploads\/2021\/05\/thumbnail_DSC_6943-1024x683.jpg","type":"","width":"","height":""}],"twitter_card":"summary_large_image","twitter_misc":{"Dur\u00e9e de lecture estim\u00e9e":"2 minutes"},"schema":{"@context":"https:\/\/schema.org","@graph":[{"@type":"WebPage","@id":"https:\/\/christelemacchiavelli-photographe.com\/","url":"https:\/\/christelemacchiavelli-photographe.com\/","name":"Accueil -","isPartOf":{"@id":"https:\/\/christelemacchiavelli-photographe.com\/#website"},"primaryImageOfPage":{"@id":"https:\/\/christelemacchiavelli-photographe.com\/#primaryimage"},"image":{"@id":"https:\/\/christelemacchiavelli-photographe.com\/#primaryimage"},"thumbnailUrl":"https:\/\/christelemacchiavelli-photographe.com\/wp-content\/uploads\/2021\/05\/thumbnail_DSC_6943-1024x683.jpg","datePublished":"2019-08-22T21:26:24+00:00","dateModified":"2021-05-11T17:38:44+00:00","breadcrumb":{"@id":"https:\/\/christelemacchiavelli-photographe.com\/#breadcrumb"},"inLanguage":"fr-FR","potentialAction":[{"@type":"ReadAction","target":["https:\/\/christelemacchiavelli-photographe.com\/"]}]},{"@type":"ImageObject","inLanguage":"fr-FR","@id":"https:\/\/christelemacchiavelli-photographe.com\/#primaryimage","url":"https:\/\/christelemacchiavelli-photographe.com\/wp-content\/uploads\/2021\/05\/thumbnail_DSC_6943.jpg","contentUrl":"https:\/\/christelemacchiavelli-photographe.com\/wp-content\/uploads\/2021\/05\/thumbnail_DSC_6943.jpg","width":1280,"height":854},{"@type":"BreadcrumbList","@id":"https:\/\/christelemacchiavelli-photographe.com\/#breadcrumb","itemListElement":[{"@type":"ListItem","position":1,"name":"Accueil","item":"https:\/\/christelemacchiavelli-photographe.com\/"},{"@type":"ListItem","position":2,"name":"Accueil"}]},{"@type":"WebSite","@id":"https:\/\/christelemacchiavelli-photographe.com\/#website","url":"https:\/\/christelemacchiavelli-photographe.com\/","name":"","description":"Sp\u00e9cialis\u00e9e dans la photo de Nouveau-n\u00e9, B\u00e9b\u00e9 et Famille - Cr\u00e9atrice de souvenirs","publisher":{"@id":"https:\/\/christelemacchiavelli-photographe.com\/#organization"},"potentialAction":[{"@type":"SearchAction","target":{"@type":"EntryPoint","urlTemplate":"https:\/\/christelemacchiavelli-photographe.com\/?s={search_term_string}"},"query-input":{"@type":"PropertyValueSpecification","valueRequired":true,"valueName":"search_term_string"}}],"inLanguage":"fr-FR"},{"@type":"Organization","@id":"https:\/\/christelemacchiavelli-photographe.com\/#organization","name":"Christ\u00e8le Macchiavelli Photographe La Ciotat","url":"https:\/\/christelemacchiavelli-photographe.com\/","logo":{"@type":"ImageObject","inLanguage":"fr-FR","@id":"https:\/\/christelemacchiavelli-photographe.com\/#\/schema\/logo\/image\/","url":"https:\/\/christelemacchiavelli-photographe.com\/wp-content\/uploads\/2019\/09\/Logo-christelle-noir.jpg600.jpg","contentUrl":"https:\/\/christelemacchiavelli-photographe.com\/wp-content\/uploads\/2019\/09\/Logo-christelle-noir.jpg600.jpg","width":600,"height":425,"caption":"Christ\u00e8le Macchiavelli Photographe La Ciotat"},"image":{"@id":"https:\/\/christelemacchiavelli-photographe.com\/#\/schema\/logo\/image\/"}}]}},"_links":{"self":[{"href":"https:\/\/christelemacchiavelli-photographe.com\/index.php?rest_route=\/wp\/v2\/pages\/67","targetHints":{"allow":["GET"]}}],"collection":[{"href":"https:\/\/christelemacchiavelli-photographe.com\/index.php?rest_route=\/wp\/v2\/pages"}],"about":[{"href":"https:\/\/christelemacchiavelli-photographe.com\/index.php?rest_route=\/wp\/v2\/types\/page"}],"author":[{"embeddable":true,"href":"https:\/\/christelemacchiavelli-photographe.com\/index.php?rest_route=\/wp\/v2\/users\/1"}],"replies":[{"embeddable":true,"href":"https:\/\/christelemacchiavelli-photographe.com\/index.php?rest_route=%2Fwp%2Fv2%2Fcomments&post=67"}],"version-history":[{"count":57,"href":"https:\/\/christelemacchiavelli-photographe.com\/index.php?rest_route=\/wp\/v2\/pages\/67\/revisions"}],"predecessor-version":[{"id":649,"href":"https:\/\/christelemacchiavelli-photographe.com\/index.php?rest_route=\/wp\/v2\/pages\/67\/revisions\/649"}],"wp:attachment":[{"href":"https:\/\/christelemacchiavelli-photographe.com\/index.php?rest_route=%2Fwp%2Fv2%2Fmedia&parent=67"}],"curies":[{"name":"wp","href":"https:\/\/api.w.org\/{rel}","templated":true}]}}