{"id":81,"date":"2019-08-23T09:41:30","date_gmt":"2019-08-23T07:41:30","guid":{"rendered":"http:\/\/christelemacchiavelli-photographe.com\/?page_id=81"},"modified":"2021-05-11T19:26:15","modified_gmt":"2021-05-11T17:26:15","slug":"maternite","status":"publish","type":"page","link":"https:\/\/christelemacchiavelli-photographe.com\/?page_id=81","title":{"rendered":"Maternit\u00e9"},"content":{"rendered":"\n<p class=\"has-text-color has-background\" style=\"background-color:#f4e8e8;color:#7a8085\"><em><strong>En attendant b\u00e9b\u00e9<\/strong><\/em><\/p>\n\n\n\n\n\n\n\n<hr class=\"wp-block-separator\"\/>\n\n\n\n<p>Il s&rsquo;en passe des choses avant que ce petit tr\u00e9sor arrive au monde ! On a toutes en m\u00e9moire l&rsquo;\u00e9motion qui nous traverse la premi\u00e8re fois que l&rsquo;on entend le son de son petit c\u0153ur, c&rsquo;est juste magique !<\/p>\n\n\n\n<p><\/p>\n\n\n\n<hr class=\"wp-block-separator\"\/>\n\n\n\n<figure class=\"wp-block-gallery columns-4 is-cropped wp-block-gallery-1 is-layout-flex wp-block-gallery-is-layout-flex\"><ul class=\"blocks-gallery-grid\"><li class=\"blocks-gallery-item\"><figure><img loading=\"lazy\" decoding=\"async\" width=\"401\" height=\"600\" src=\"http:\/\/christelemacchiavelli-photographe.com\/wp-content\/uploads\/2019\/09\/galerie-grossesse2.jpg\" alt=\"\" data-id=\"285\" data-link=\"http:\/\/christelemacchiavelli-photographe.com\/?attachment_id=285\" class=\"wp-image-285\" srcset=\"https:\/\/christelemacchiavelli-photographe.com\/wp-content\/uploads\/2019\/09\/galerie-grossesse2.jpg 401w, https:\/\/christelemacchiavelli-photographe.com\/wp-content\/uploads\/2019\/09\/galerie-grossesse2-201x300.jpg 201w\" sizes=\"auto, (max-width: 401px) 100vw, 401px\" \/><\/figure><\/li><li class=\"blocks-gallery-item\"><figure><img loading=\"lazy\" decoding=\"async\" width=\"641\" height=\"960\" src=\"http:\/\/christelemacchiavelli-photographe.com\/wp-content\/uploads\/2019\/09\/grossesse3.jpg\" alt=\"\" data-id=\"265\" data-link=\"http:\/\/christelemacchiavelli-photographe.com\/?attachment_id=265\" class=\"wp-image-265\" srcset=\"https:\/\/christelemacchiavelli-photographe.com\/wp-content\/uploads\/2019\/09\/grossesse3.jpg 641w, https:\/\/christelemacchiavelli-photographe.com\/wp-content\/uploads\/2019\/09\/grossesse3-200x300.jpg 200w\" sizes=\"auto, (max-width: 641px) 100vw, 641px\" \/><\/figure><\/li><li class=\"blocks-gallery-item\"><figure><img loading=\"lazy\" decoding=\"async\" width=\"534\" height=\"800\" src=\"http:\/\/christelemacchiavelli-photographe.com\/wp-content\/uploads\/2019\/09\/maternit\u00e914.jpg\" alt=\"\" data-id=\"269\" data-link=\"http:\/\/christelemacchiavelli-photographe.com\/?attachment_id=269\" class=\"wp-image-269\" srcset=\"https:\/\/christelemacchiavelli-photographe.com\/wp-content\/uploads\/2019\/09\/maternit\u00e914.jpg 534w, https:\/\/christelemacchiavelli-photographe.com\/wp-content\/uploads\/2019\/09\/maternit\u00e914-200x300.jpg 200w\" sizes=\"auto, (max-width: 534px) 100vw, 534px\" \/><\/figure><\/li><li class=\"blocks-gallery-item\"><figure><img loading=\"lazy\" decoding=\"async\" width=\"534\" height=\"800\" src=\"http:\/\/christelemacchiavelli-photographe.com\/wp-content\/uploads\/2019\/09\/maternit\u00e911.jpg\" alt=\"\" data-id=\"267\" data-link=\"http:\/\/christelemacchiavelli-photographe.com\/?attachment_id=267\" class=\"wp-image-267\" srcset=\"https:\/\/christelemacchiavelli-photographe.com\/wp-content\/uploads\/2019\/09\/maternit\u00e911.jpg 534w, https:\/\/christelemacchiavelli-photographe.com\/wp-content\/uploads\/2019\/09\/maternit\u00e911-200x300.jpg 200w\" sizes=\"auto, (max-width: 534px) 100vw, 534px\" \/><\/figure><\/li><li class=\"blocks-gallery-item\"><figure><img loading=\"lazy\" decoding=\"async\" width=\"534\" height=\"800\" src=\"http:\/\/christelemacchiavelli-photographe.com\/wp-content\/uploads\/2019\/09\/maternite13.jpg\" alt=\"\" data-id=\"268\" data-link=\"http:\/\/christelemacchiavelli-photographe.com\/?attachment_id=268\" class=\"wp-image-268\" srcset=\"https:\/\/christelemacchiavelli-photographe.com\/wp-content\/uploads\/2019\/09\/maternite13.jpg 534w, https:\/\/christelemacchiavelli-photographe.com\/wp-content\/uploads\/2019\/09\/maternite13-200x300.jpg 200w\" sizes=\"auto, (max-width: 534px) 100vw, 534px\" \/><\/figure><\/li><li class=\"blocks-gallery-item\"><figure><img loading=\"lazy\" decoding=\"async\" width=\"555\" height=\"800\" src=\"http:\/\/christelemacchiavelli-photographe.com\/wp-content\/uploads\/2019\/09\/maternit\u00e915.jpg\" alt=\"\" data-id=\"270\" data-link=\"http:\/\/christelemacchiavelli-photographe.com\/?attachment_id=270\" class=\"wp-image-270\" srcset=\"https:\/\/christelemacchiavelli-photographe.com\/wp-content\/uploads\/2019\/09\/maternit\u00e915.jpg 555w, https:\/\/christelemacchiavelli-photographe.com\/wp-content\/uploads\/2019\/09\/maternit\u00e915-208x300.jpg 208w\" sizes=\"auto, (max-width: 555px) 100vw, 555px\" \/><\/figure><\/li><li class=\"blocks-gallery-item\"><figure><img loading=\"lazy\" decoding=\"async\" width=\"416\" height=\"600\" src=\"http:\/\/christelemacchiavelli-photographe.com\/wp-content\/uploads\/2019\/09\/galerie-grossesse1.jpg\" alt=\"\" data-id=\"284\" data-link=\"http:\/\/christelemacchiavelli-photographe.com\/?attachment_id=284\" class=\"wp-image-284\" srcset=\"https:\/\/christelemacchiavelli-photographe.com\/wp-content\/uploads\/2019\/09\/galerie-grossesse1.jpg 416w, https:\/\/christelemacchiavelli-photographe.com\/wp-content\/uploads\/2019\/09\/galerie-grossesse1-208x300.jpg 208w\" sizes=\"auto, (max-width: 416px) 100vw, 416px\" \/><\/figure><\/li><li class=\"blocks-gallery-item\"><figure><img loading=\"lazy\" decoding=\"async\" width=\"401\" height=\"600\" src=\"http:\/\/christelemacchiavelli-photographe.com\/wp-content\/uploads\/2019\/09\/galerie-grossesse3.jpg\" alt=\"\" data-id=\"286\" data-link=\"http:\/\/christelemacchiavelli-photographe.com\/?attachment_id=286\" class=\"wp-image-286\" srcset=\"https:\/\/christelemacchiavelli-photographe.com\/wp-content\/uploads\/2019\/09\/galerie-grossesse3.jpg 401w, https:\/\/christelemacchiavelli-photographe.com\/wp-content\/uploads\/2019\/09\/galerie-grossesse3-201x300.jpg 201w\" sizes=\"auto, (max-width: 401px) 100vw, 401px\" \/><\/figure><\/li><\/ul><\/figure>\n\n\n\n<p>Formulaire de contact<\/p>\n\n\n<div class=\"wpforms-container wpforms-container-full wpforms-block\" id=\"wpforms-107\"><form id=\"wpforms-form-107\" class=\"wpforms-validate wpforms-form\" data-formid=\"107\" method=\"post\" enctype=\"multipart\/form-data\" action=\"\/index.php?rest_route=%2Fwp%2Fv2%2Fpages%2F81\" data-token=\"a851555976a475c6210c2dfda9774cf4\" data-token-time=\"1776393034\"><noscript class=\"wpforms-error-noscript\">Veuillez activer JavaScript dans votre navigateur pour remplir ce formulaire.<\/noscript><div class=\"wpforms-field-container\"><div id=\"wpforms-107-field_0-container\" class=\"wpforms-field wpforms-field-name\" data-field-id=\"0\"><label class=\"wpforms-field-label\">Nom <span class=\"wpforms-required-label\">*<\/span><\/label><div class=\"wpforms-field-row wpforms-field-medium\"><div class=\"wpforms-field-row-block wpforms-first wpforms-one-half\"><input type=\"text\" id=\"wpforms-107-field_0\" class=\"wpforms-field-name-first wpforms-field-required\" name=\"wpforms[fields][0][first]\" required><label for=\"wpforms-107-field_0\" class=\"wpforms-field-sublabel after\">Pr\u00e9nom<\/label><\/div><div class=\"wpforms-field-row-block wpforms-one-half\"><input type=\"text\" id=\"wpforms-107-field_0-last\" class=\"wpforms-field-name-last wpforms-field-required\" name=\"wpforms[fields][0][last]\" required><label for=\"wpforms-107-field_0-last\" class=\"wpforms-field-sublabel after\">Nom<\/label><\/div><\/div><\/div><div id=\"wpforms-107-field_1-container\" class=\"wpforms-field wpforms-field-email\" data-field-id=\"1\"><label class=\"wpforms-field-label\">E-mail <span class=\"wpforms-required-label\">*<\/span><\/label><div class=\"wpforms-field-row wpforms-field-medium\"><div class=\"wpforms-field-row-block wpforms-one-half wpforms-first\"><input type=\"email\" id=\"wpforms-107-field_1\" class=\"wpforms-field-required wpforms-field-email-primary\" name=\"wpforms[fields][1][primary]\" spellcheck=\"false\" required><label for=\"wpforms-107-field_1\" class=\"wpforms-field-sublabel after\">E-mail<\/label><\/div><div class=\"wpforms-field-row-block wpforms-one-half\"><input type=\"email\" id=\"wpforms-107-field_1-secondary\" class=\"wpforms-field-email-secondary wpforms-field-required\" data-rule-confirm=\"#wpforms-107-field_1\" name=\"wpforms[fields][1][secondary]\" spellcheck=\"false\" required><label for=\"wpforms-107-field_1-secondary\" class=\"wpforms-field-sublabel after\">Confirmez l\u2019e-mail<\/label><\/div><\/div><\/div><div id=\"wpforms-107-field_5-container\" class=\"wpforms-field wpforms-field-text\" data-field-id=\"5\"><label class=\"wpforms-field-label\" for=\"wpforms-107-field_5\">T\u00e9l\u00e9phone <span class=\"wpforms-required-label\">*<\/span><\/label><input type=\"text\" id=\"wpforms-107-field_5\" class=\"wpforms-field-medium wpforms-field-required\" name=\"wpforms[fields][5]\" required><\/div><div id=\"wpforms-107-field_6-container\" class=\"wpforms-field wpforms-field-text\" data-field-id=\"6\"><label class=\"wpforms-field-label\" for=\"wpforms-107-field_6\">Objet <span class=\"wpforms-required-label\">*<\/span><\/label><input type=\"text\" id=\"wpforms-107-field_6\" class=\"wpforms-field-medium wpforms-field-required\" name=\"wpforms[fields][6]\" required><\/div><div id=\"wpforms-107-field_2-container\" class=\"wpforms-field wpforms-field-textarea\" data-field-id=\"2\"><label class=\"wpforms-field-label\" for=\"wpforms-107-field_2\">Commentaire ou message <span class=\"wpforms-required-label\">*<\/span><\/label><textarea id=\"wpforms-107-field_2\" class=\"wpforms-field-medium wpforms-field-required\" name=\"wpforms[fields][2]\" required><\/textarea><\/div><\/div><!-- .wpforms-field-container --><div class=\"wpforms-field wpforms-field-hp\"><label for=\"wpforms-107-field-hp\" class=\"wpforms-field-label\">Message<\/label><input type=\"text\" name=\"wpforms[hp]\" id=\"wpforms-107-field-hp\" class=\"wpforms-field-medium\"><\/div><div class=\"wpforms-submit-container\" ><input type=\"hidden\" name=\"wpforms[id]\" value=\"107\"><input type=\"hidden\" name=\"page_title\" value=\"\"><input type=\"hidden\" name=\"page_url\" value=\"https:\/\/christelemacchiavelli-photographe.com\/index.php?rest_route=\/wp\/v2\/pages\/81\"><input type=\"hidden\" name=\"url_referer\" value=\"\"><button type=\"submit\" name=\"wpforms[submit]\" id=\"wpforms-submit-107\" class=\"wpforms-submit\" data-alt-text=\"Envoi...\" data-submit-text=\"Envoyer\" aria-live=\"assertive\" value=\"wpforms-submit\">Envoyer<\/button><\/div><\/form><\/div>  <!-- .wpforms-container -->","protected":false},"excerpt":{"rendered":"<p>En attendant b\u00e9b\u00e9 Il s&rsquo;en passe des choses avant que ce petit tr\u00e9sor arrive au monde ! On a toutes&hellip;<\/p>\n","protected":false},"author":1,"featured_media":0,"parent":0,"menu_order":0,"comment_status":"closed","ping_status":"closed","template":"","meta":{"footnotes":""},"class_list":["post-81","page","type-page","status-publish","hentry"],"yoast_head":"<!-- This site is optimized with the Yoast SEO plugin v27.4 - https:\/\/yoast.com\/product\/yoast-seo-wordpress\/ -->\n<title>Maternit\u00e9 -<\/title>\n<meta name=\"robots\" content=\"index, follow, max-snippet:-1, max-image-preview:large, max-video-preview:-1\" \/>\n<link rel=\"canonical\" href=\"https:\/\/christelemacchiavelli-photographe.com\/?page_id=81\" \/>\n<meta property=\"og:locale\" content=\"fr_FR\" \/>\n<meta property=\"og:type\" content=\"article\" \/>\n<meta property=\"og:title\" content=\"Maternit\u00e9 -\" \/>\n<meta property=\"og:description\" content=\"En attendant b\u00e9b\u00e9 Il s&rsquo;en passe des choses avant que ce petit tr\u00e9sor arrive au monde ! On a toutes&hellip;\" \/>\n<meta property=\"og:url\" content=\"https:\/\/christelemacchiavelli-photographe.com\/?page_id=81\" \/>\n<meta property=\"article:modified_time\" content=\"2021-05-11T17:26:15+00:00\" \/>\n<meta property=\"og:image\" content=\"http:\/\/christelemacchiavelli-photographe.com\/wp-content\/uploads\/2019\/09\/galerie-grossesse2.jpg\" \/>\n<meta name=\"twitter:card\" content=\"summary_large_image\" \/>\n<meta name=\"twitter:label1\" content=\"Dur\u00e9e de lecture estim\u00e9e\" \/>\n\t<meta name=\"twitter:data1\" content=\"2 minutes\" \/>\n<script type=\"application\/ld+json\" class=\"yoast-schema-graph\">{\"@context\":\"https:\\\/\\\/schema.org\",\"@graph\":[{\"@type\":\"WebPage\",\"@id\":\"https:\\\/\\\/christelemacchiavelli-photographe.com\\\/?page_id=81\",\"url\":\"https:\\\/\\\/christelemacchiavelli-photographe.com\\\/?page_id=81\",\"name\":\"Maternit\u00e9 -\",\"isPartOf\":{\"@id\":\"https:\\\/\\\/christelemacchiavelli-photographe.com\\\/#website\"},\"primaryImageOfPage\":{\"@id\":\"https:\\\/\\\/christelemacchiavelli-photographe.com\\\/?page_id=81#primaryimage\"},\"image\":{\"@id\":\"https:\\\/\\\/christelemacchiavelli-photographe.com\\\/?page_id=81#primaryimage\"},\"thumbnailUrl\":\"http:\\\/\\\/christelemacchiavelli-photographe.com\\\/wp-content\\\/uploads\\\/2019\\\/09\\\/galerie-grossesse2.jpg\",\"datePublished\":\"2019-08-23T07:41:30+00:00\",\"dateModified\":\"2021-05-11T17:26:15+00:00\",\"breadcrumb\":{\"@id\":\"https:\\\/\\\/christelemacchiavelli-photographe.com\\\/?page_id=81#breadcrumb\"},\"inLanguage\":\"fr-FR\",\"potentialAction\":[{\"@type\":\"ReadAction\",\"target\":[\"https:\\\/\\\/christelemacchiavelli-photographe.com\\\/?page_id=81\"]}]},{\"@type\":\"ImageObject\",\"inLanguage\":\"fr-FR\",\"@id\":\"https:\\\/\\\/christelemacchiavelli-photographe.com\\\/?page_id=81#primaryimage\",\"url\":\"https:\\\/\\\/christelemacchiavelli-photographe.com\\\/wp-content\\\/uploads\\\/2019\\\/09\\\/galerie-grossesse2.jpg\",\"contentUrl\":\"https:\\\/\\\/christelemacchiavelli-photographe.com\\\/wp-content\\\/uploads\\\/2019\\\/09\\\/galerie-grossesse2.jpg\",\"width\":401,\"height\":600},{\"@type\":\"BreadcrumbList\",\"@id\":\"https:\\\/\\\/christelemacchiavelli-photographe.com\\\/?page_id=81#breadcrumb\",\"itemListElement\":[{\"@type\":\"ListItem\",\"position\":1,\"name\":\"Accueil\",\"item\":\"https:\\\/\\\/christelemacchiavelli-photographe.com\\\/\"},{\"@type\":\"ListItem\",\"position\":2,\"name\":\"Maternit\u00e9\"}]},{\"@type\":\"WebSite\",\"@id\":\"https:\\\/\\\/christelemacchiavelli-photographe.com\\\/#website\",\"url\":\"https:\\\/\\\/christelemacchiavelli-photographe.com\\\/\",\"name\":\"\",\"description\":\"Sp\u00e9cialis\u00e9e dans la photo de Nouveau-n\u00e9, B\u00e9b\u00e9 et Famille - Cr\u00e9atrice de souvenirs\",\"publisher\":{\"@id\":\"https:\\\/\\\/christelemacchiavelli-photographe.com\\\/#organization\"},\"potentialAction\":[{\"@type\":\"SearchAction\",\"target\":{\"@type\":\"EntryPoint\",\"urlTemplate\":\"https:\\\/\\\/christelemacchiavelli-photographe.com\\\/?s={search_term_string}\"},\"query-input\":{\"@type\":\"PropertyValueSpecification\",\"valueRequired\":true,\"valueName\":\"search_term_string\"}}],\"inLanguage\":\"fr-FR\"},{\"@type\":\"Organization\",\"@id\":\"https:\\\/\\\/christelemacchiavelli-photographe.com\\\/#organization\",\"name\":\"Christ\u00e8le Macchiavelli Photographe La Ciotat\",\"url\":\"https:\\\/\\\/christelemacchiavelli-photographe.com\\\/\",\"logo\":{\"@type\":\"ImageObject\",\"inLanguage\":\"fr-FR\",\"@id\":\"https:\\\/\\\/christelemacchiavelli-photographe.com\\\/#\\\/schema\\\/logo\\\/image\\\/\",\"url\":\"https:\\\/\\\/christelemacchiavelli-photographe.com\\\/wp-content\\\/uploads\\\/2019\\\/09\\\/Logo-christelle-noir.jpg600.jpg\",\"contentUrl\":\"https:\\\/\\\/christelemacchiavelli-photographe.com\\\/wp-content\\\/uploads\\\/2019\\\/09\\\/Logo-christelle-noir.jpg600.jpg\",\"width\":600,\"height\":425,\"caption\":\"Christ\u00e8le Macchiavelli Photographe La Ciotat\"},\"image\":{\"@id\":\"https:\\\/\\\/christelemacchiavelli-photographe.com\\\/#\\\/schema\\\/logo\\\/image\\\/\"}}]}<\/script>\n<!-- \/ Yoast SEO plugin. -->","yoast_head_json":{"title":"Maternit\u00e9 -","robots":{"index":"index","follow":"follow","max-snippet":"max-snippet:-1","max-image-preview":"max-image-preview:large","max-video-preview":"max-video-preview:-1"},"canonical":"https:\/\/christelemacchiavelli-photographe.com\/?page_id=81","og_locale":"fr_FR","og_type":"article","og_title":"Maternit\u00e9 -","og_description":"En attendant b\u00e9b\u00e9 Il s&rsquo;en passe des choses avant que ce petit tr\u00e9sor arrive au monde ! On a toutes&hellip;","og_url":"https:\/\/christelemacchiavelli-photographe.com\/?page_id=81","article_modified_time":"2021-05-11T17:26:15+00:00","og_image":[{"url":"http:\/\/christelemacchiavelli-photographe.com\/wp-content\/uploads\/2019\/09\/galerie-grossesse2.jpg","type":"","width":"","height":""}],"twitter_card":"summary_large_image","twitter_misc":{"Dur\u00e9e de lecture estim\u00e9e":"2 minutes"},"schema":{"@context":"https:\/\/schema.org","@graph":[{"@type":"WebPage","@id":"https:\/\/christelemacchiavelli-photographe.com\/?page_id=81","url":"https:\/\/christelemacchiavelli-photographe.com\/?page_id=81","name":"Maternit\u00e9 -","isPartOf":{"@id":"https:\/\/christelemacchiavelli-photographe.com\/#website"},"primaryImageOfPage":{"@id":"https:\/\/christelemacchiavelli-photographe.com\/?page_id=81#primaryimage"},"image":{"@id":"https:\/\/christelemacchiavelli-photographe.com\/?page_id=81#primaryimage"},"thumbnailUrl":"http:\/\/christelemacchiavelli-photographe.com\/wp-content\/uploads\/2019\/09\/galerie-grossesse2.jpg","datePublished":"2019-08-23T07:41:30+00:00","dateModified":"2021-05-11T17:26:15+00:00","breadcrumb":{"@id":"https:\/\/christelemacchiavelli-photographe.com\/?page_id=81#breadcrumb"},"inLanguage":"fr-FR","potentialAction":[{"@type":"ReadAction","target":["https:\/\/christelemacchiavelli-photographe.com\/?page_id=81"]}]},{"@type":"ImageObject","inLanguage":"fr-FR","@id":"https:\/\/christelemacchiavelli-photographe.com\/?page_id=81#primaryimage","url":"https:\/\/christelemacchiavelli-photographe.com\/wp-content\/uploads\/2019\/09\/galerie-grossesse2.jpg","contentUrl":"https:\/\/christelemacchiavelli-photographe.com\/wp-content\/uploads\/2019\/09\/galerie-grossesse2.jpg","width":401,"height":600},{"@type":"BreadcrumbList","@id":"https:\/\/christelemacchiavelli-photographe.com\/?page_id=81#breadcrumb","itemListElement":[{"@type":"ListItem","position":1,"name":"Accueil","item":"https:\/\/christelemacchiavelli-photographe.com\/"},{"@type":"ListItem","position":2,"name":"Maternit\u00e9"}]},{"@type":"WebSite","@id":"https:\/\/christelemacchiavelli-photographe.com\/#website","url":"https:\/\/christelemacchiavelli-photographe.com\/","name":"","description":"Sp\u00e9cialis\u00e9e dans la photo de Nouveau-n\u00e9, B\u00e9b\u00e9 et Famille - Cr\u00e9atrice de souvenirs","publisher":{"@id":"https:\/\/christelemacchiavelli-photographe.com\/#organization"},"potentialAction":[{"@type":"SearchAction","target":{"@type":"EntryPoint","urlTemplate":"https:\/\/christelemacchiavelli-photographe.com\/?s={search_term_string}"},"query-input":{"@type":"PropertyValueSpecification","valueRequired":true,"valueName":"search_term_string"}}],"inLanguage":"fr-FR"},{"@type":"Organization","@id":"https:\/\/christelemacchiavelli-photographe.com\/#organization","name":"Christ\u00e8le Macchiavelli Photographe La Ciotat","url":"https:\/\/christelemacchiavelli-photographe.com\/","logo":{"@type":"ImageObject","inLanguage":"fr-FR","@id":"https:\/\/christelemacchiavelli-photographe.com\/#\/schema\/logo\/image\/","url":"https:\/\/christelemacchiavelli-photographe.com\/wp-content\/uploads\/2019\/09\/Logo-christelle-noir.jpg600.jpg","contentUrl":"https:\/\/christelemacchiavelli-photographe.com\/wp-content\/uploads\/2019\/09\/Logo-christelle-noir.jpg600.jpg","width":600,"height":425,"caption":"Christ\u00e8le Macchiavelli Photographe La Ciotat"},"image":{"@id":"https:\/\/christelemacchiavelli-photographe.com\/#\/schema\/logo\/image\/"}}]}},"_links":{"self":[{"href":"https:\/\/christelemacchiavelli-photographe.com\/index.php?rest_route=\/wp\/v2\/pages\/81","targetHints":{"allow":["GET"]}}],"collection":[{"href":"https:\/\/christelemacchiavelli-photographe.com\/index.php?rest_route=\/wp\/v2\/pages"}],"about":[{"href":"https:\/\/christelemacchiavelli-photographe.com\/index.php?rest_route=\/wp\/v2\/types\/page"}],"author":[{"embeddable":true,"href":"https:\/\/christelemacchiavelli-photographe.com\/index.php?rest_route=\/wp\/v2\/users\/1"}],"replies":[{"embeddable":true,"href":"https:\/\/christelemacchiavelli-photographe.com\/index.php?rest_route=%2Fwp%2Fv2%2Fcomments&post=81"}],"version-history":[{"count":14,"href":"https:\/\/christelemacchiavelli-photographe.com\/index.php?rest_route=\/wp\/v2\/pages\/81\/revisions"}],"predecessor-version":[{"id":632,"href":"https:\/\/christelemacchiavelli-photographe.com\/index.php?rest_route=\/wp\/v2\/pages\/81\/revisions\/632"}],"wp:attachment":[{"href":"https:\/\/christelemacchiavelli-photographe.com\/index.php?rest_route=%2Fwp%2Fv2%2Fmedia&parent=81"}],"curies":[{"name":"wp","href":"https:\/\/api.w.org\/{rel}","templated":true}]}}