{"id":90,"date":"2019-08-23T09:42:52","date_gmt":"2019-08-23T07:42:52","guid":{"rendered":"http:\/\/christelemacchiavelli-photographe.com\/?page_id=90"},"modified":"2021-05-11T19:41:23","modified_gmt":"2021-05-11T17:41:23","slug":"famille-portrait-lifestyle","status":"publish","type":"page","link":"https:\/\/christelemacchiavelli-photographe.com\/?page_id=90","title":{"rendered":"Famille \/ Enfant"},"content":{"rendered":"\n\n\n\n\n<hr class=\"wp-block-separator\"\/>\n\n\n\n<p>Vous pouvez me contacter pour que l&rsquo;on discute de votre projet et de vos envies pour cette s\u00e9ance famille, pour vous proposer la meilleure solution en fonction de l&rsquo;\u00e2ge de vos enfants et de votre situation. Et n&rsquo;oubliez pas, l&rsquo;\u00e2ge n&rsquo;a pas d&rsquo;importance, je photographie les familles avec des enfants plus grands, adolescents ou plusieurs g\u00e9n\u00e9rations.<\/p>\n\n\n\n<p>Nos enfants grandissent tellement vite et chaque \u00e2ge nous r\u00e9serve des surprises et des moments forts.<\/p>\n\n\n\n<ul class=\"wp-block-list\"><li>S\u00e9ance \u00e0 domicile 1h pour des portraits, ou en lifestyle, vous \u00eates alors photographi\u00e9s dans votre quotidien : <strong>220\u20ac<\/strong><\/li><li>S\u00e9ance en ext\u00e9rieur 1 \u00e0 2 heures : Vous \u00eates alors photographi\u00e9s dans un lieu que nous choisissons ensemble. C&rsquo;est une s\u00e9ance photo pleine de rire et de bonne humeur, sortir en famille, se balader, jouer ensemble. C&rsquo;est un moment parfait pour capturer des instants de bonheur : <strong>220\u20ac<\/strong><\/li><\/ul>\n\n\n\n<ul class=\"wp-block-list\"><li>Ce tarif comprend :<ul><li>La dur\u00e9e de la s\u00e9ance photo \u00e0 votre domicile au en ext\u00e9rieur<\/li><li>La post production<\/li><li>Pr\u00e9sentation d&rsquo;une galerie 30 photos minimum &#8211; 20 photos sur internet.<\/li><\/ul><\/li><\/ul>\n\n\n\n<hr class=\"wp-block-separator\"\/>\n\n\n\n<figure class=\"wp-block-gallery columns-3 is-cropped wp-block-gallery-1 is-layout-flex wp-block-gallery-is-layout-flex\"><ul class=\"blocks-gallery-grid\"><li class=\"blocks-gallery-item\"><figure><img loading=\"lazy\" decoding=\"async\" width=\"600\" height=\"416\" src=\"http:\/\/christelemacchiavelli-photographe.com\/wp-content\/uploads\/2019\/09\/galerie-portrait5.jpg\" alt=\"\" data-id=\"298\" data-link=\"http:\/\/christelemacchiavelli-photographe.com\/?attachment_id=298\" class=\"wp-image-298\" srcset=\"https:\/\/christelemacchiavelli-photographe.com\/wp-content\/uploads\/2019\/09\/galerie-portrait5.jpg 600w, https:\/\/christelemacchiavelli-photographe.com\/wp-content\/uploads\/2019\/09\/galerie-portrait5-300x208.jpg 300w\" sizes=\"auto, (max-width: 600px) 100vw, 600px\" \/><\/figure><\/li><li class=\"blocks-gallery-item\"><figure><img loading=\"lazy\" decoding=\"async\" width=\"600\" height=\"416\" src=\"http:\/\/christelemacchiavelli-photographe.com\/wp-content\/uploads\/2019\/09\/galerie-portrait-4.jpg\" alt=\"\" data-id=\"293\" data-link=\"http:\/\/christelemacchiavelli-photographe.com\/?attachment_id=293\" class=\"wp-image-293\" srcset=\"https:\/\/christelemacchiavelli-photographe.com\/wp-content\/uploads\/2019\/09\/galerie-portrait-4.jpg 600w, https:\/\/christelemacchiavelli-photographe.com\/wp-content\/uploads\/2019\/09\/galerie-portrait-4-300x208.jpg 300w\" sizes=\"auto, (max-width: 600px) 100vw, 600px\" \/><\/figure><\/li><li class=\"blocks-gallery-item\"><figure><img loading=\"lazy\" decoding=\"async\" width=\"600\" height=\"399\" src=\"http:\/\/christelemacchiavelli-photographe.com\/wp-content\/uploads\/2019\/09\/galerie-portrait.jpg\" alt=\"\" data-id=\"294\" data-link=\"http:\/\/christelemacchiavelli-photographe.com\/?attachment_id=294\" class=\"wp-image-294\" srcset=\"https:\/\/christelemacchiavelli-photographe.com\/wp-content\/uploads\/2019\/09\/galerie-portrait.jpg 600w, https:\/\/christelemacchiavelli-photographe.com\/wp-content\/uploads\/2019\/09\/galerie-portrait-300x200.jpg 300w\" sizes=\"auto, (max-width: 600px) 100vw, 600px\" \/><\/figure><\/li><li class=\"blocks-gallery-item\"><figure><img loading=\"lazy\" decoding=\"async\" width=\"600\" height=\"399\" src=\"http:\/\/christelemacchiavelli-photographe.com\/wp-content\/uploads\/2019\/09\/galerie-portrait1.jpg\" alt=\"\" data-id=\"295\" data-link=\"http:\/\/christelemacchiavelli-photographe.com\/?attachment_id=295\" class=\"wp-image-295\" srcset=\"https:\/\/christelemacchiavelli-photographe.com\/wp-content\/uploads\/2019\/09\/galerie-portrait1.jpg 600w, https:\/\/christelemacchiavelli-photographe.com\/wp-content\/uploads\/2019\/09\/galerie-portrait1-300x200.jpg 300w\" sizes=\"auto, (max-width: 600px) 100vw, 600px\" \/><\/figure><\/li><li class=\"blocks-gallery-item\"><figure><img loading=\"lazy\" decoding=\"async\" width=\"600\" height=\"402\" src=\"http:\/\/christelemacchiavelli-photographe.com\/wp-content\/uploads\/2019\/09\/galerie-portrait2.jpg\" alt=\"\" data-id=\"296\" data-link=\"http:\/\/christelemacchiavelli-photographe.com\/?attachment_id=296\" class=\"wp-image-296\" srcset=\"https:\/\/christelemacchiavelli-photographe.com\/wp-content\/uploads\/2019\/09\/galerie-portrait2.jpg 600w, https:\/\/christelemacchiavelli-photographe.com\/wp-content\/uploads\/2019\/09\/galerie-portrait2-300x201.jpg 300w\" sizes=\"auto, (max-width: 600px) 100vw, 600px\" \/><\/figure><\/li><li class=\"blocks-gallery-item\"><figure><img loading=\"lazy\" decoding=\"async\" width=\"600\" height=\"401\" src=\"http:\/\/christelemacchiavelli-photographe.com\/wp-content\/uploads\/2019\/09\/galerie-portrait3.jpg\" alt=\"\" data-id=\"297\" data-link=\"http:\/\/christelemacchiavelli-photographe.com\/?attachment_id=297\" class=\"wp-image-297\" srcset=\"https:\/\/christelemacchiavelli-photographe.com\/wp-content\/uploads\/2019\/09\/galerie-portrait3.jpg 600w, https:\/\/christelemacchiavelli-photographe.com\/wp-content\/uploads\/2019\/09\/galerie-portrait3-300x201.jpg 300w\" sizes=\"auto, (max-width: 600px) 100vw, 600px\" \/><\/figure><\/li><\/ul><\/figure>\n\n\n\n<p><strong>Formulaire de contact<\/strong><\/p>\n\n\n<div class=\"wpforms-container wpforms-container-full wpforms-block\" id=\"wpforms-107\"><form id=\"wpforms-form-107\" class=\"wpforms-validate wpforms-form\" data-formid=\"107\" method=\"post\" enctype=\"multipart\/form-data\" action=\"\/index.php?rest_route=%2Fwp%2Fv2%2Fpages%2F90\" data-token=\"a851555976a475c6210c2dfda9774cf4\" data-token-time=\"1776397460\"><noscript class=\"wpforms-error-noscript\">Veuillez activer JavaScript dans votre navigateur pour remplir ce formulaire.<\/noscript><div class=\"wpforms-field-container\"><div id=\"wpforms-107-field_0-container\" class=\"wpforms-field wpforms-field-name\" data-field-id=\"0\"><label class=\"wpforms-field-label\">Nom <span class=\"wpforms-required-label\">*<\/span><\/label><div class=\"wpforms-field-row wpforms-field-medium\"><div class=\"wpforms-field-row-block wpforms-first wpforms-one-half\"><input type=\"text\" id=\"wpforms-107-field_0\" class=\"wpforms-field-name-first wpforms-field-required\" name=\"wpforms[fields][0][first]\" required><label for=\"wpforms-107-field_0\" class=\"wpforms-field-sublabel after\">Pr\u00e9nom<\/label><\/div><div class=\"wpforms-field-row-block wpforms-one-half\"><input type=\"text\" id=\"wpforms-107-field_0-last\" class=\"wpforms-field-name-last wpforms-field-required\" name=\"wpforms[fields][0][last]\" required><label for=\"wpforms-107-field_0-last\" class=\"wpforms-field-sublabel after\">Nom<\/label><\/div><\/div><\/div><div id=\"wpforms-107-field_1-container\" class=\"wpforms-field wpforms-field-email\" data-field-id=\"1\"><label class=\"wpforms-field-label\">E-mail <span class=\"wpforms-required-label\">*<\/span><\/label><div class=\"wpforms-field-row wpforms-field-medium\"><div class=\"wpforms-field-row-block wpforms-one-half wpforms-first\"><input type=\"email\" id=\"wpforms-107-field_1\" class=\"wpforms-field-required wpforms-field-email-primary\" name=\"wpforms[fields][1][primary]\" spellcheck=\"false\" required><label for=\"wpforms-107-field_1\" class=\"wpforms-field-sublabel after\">E-mail<\/label><\/div><div class=\"wpforms-field-row-block wpforms-one-half\"><input type=\"email\" id=\"wpforms-107-field_1-secondary\" class=\"wpforms-field-email-secondary wpforms-field-required\" data-rule-confirm=\"#wpforms-107-field_1\" name=\"wpforms[fields][1][secondary]\" spellcheck=\"false\" required><label for=\"wpforms-107-field_1-secondary\" class=\"wpforms-field-sublabel after\">Confirmez l\u2019e-mail<\/label><\/div><\/div><\/div><div id=\"wpforms-107-field_5-container\" class=\"wpforms-field wpforms-field-text\" data-field-id=\"5\"><label class=\"wpforms-field-label\" for=\"wpforms-107-field_5\">T\u00e9l\u00e9phone <span class=\"wpforms-required-label\">*<\/span><\/label><input type=\"text\" id=\"wpforms-107-field_5\" class=\"wpforms-field-medium wpforms-field-required\" name=\"wpforms[fields][5]\" required><\/div><div id=\"wpforms-107-field_6-container\" class=\"wpforms-field wpforms-field-text\" data-field-id=\"6\"><label class=\"wpforms-field-label\" for=\"wpforms-107-field_6\">Objet <span class=\"wpforms-required-label\">*<\/span><\/label><input type=\"text\" id=\"wpforms-107-field_6\" class=\"wpforms-field-medium wpforms-field-required\" name=\"wpforms[fields][6]\" required><\/div><div id=\"wpforms-107-field_2-container\" class=\"wpforms-field wpforms-field-textarea\" data-field-id=\"2\"><label class=\"wpforms-field-label\" for=\"wpforms-107-field_2\">Commentaire ou message <span class=\"wpforms-required-label\">*<\/span><\/label><textarea id=\"wpforms-107-field_2\" class=\"wpforms-field-medium wpforms-field-required\" name=\"wpforms[fields][2]\" required><\/textarea><\/div><\/div><!-- .wpforms-field-container --><div class=\"wpforms-field wpforms-field-hp\"><label for=\"wpforms-107-field-hp\" class=\"wpforms-field-label\">Comment<\/label><input type=\"text\" name=\"wpforms[hp]\" id=\"wpforms-107-field-hp\" class=\"wpforms-field-medium\"><\/div><div class=\"wpforms-submit-container\" ><input type=\"hidden\" name=\"wpforms[id]\" value=\"107\"><input type=\"hidden\" name=\"page_title\" value=\"\"><input type=\"hidden\" name=\"page_url\" value=\"https:\/\/christelemacchiavelli-photographe.com\/index.php?rest_route=\/wp\/v2\/pages\/90\"><input type=\"hidden\" name=\"url_referer\" value=\"\"><button type=\"submit\" name=\"wpforms[submit]\" id=\"wpforms-submit-107\" class=\"wpforms-submit\" data-alt-text=\"Envoi...\" data-submit-text=\"Envoyer\" aria-live=\"assertive\" value=\"wpforms-submit\">Envoyer<\/button><\/div><\/form><\/div>  <!-- .wpforms-container -->","protected":false},"excerpt":{"rendered":"<p>Vous pouvez me contacter pour que l&rsquo;on discute de votre projet et de vos envies pour cette s\u00e9ance famille, pour&hellip;<\/p>\n","protected":false},"author":1,"featured_media":0,"parent":0,"menu_order":0,"comment_status":"closed","ping_status":"closed","template":"","meta":{"footnotes":""},"class_list":["post-90","page","type-page","status-publish","hentry"],"yoast_head":"<!-- This site is optimized with the Yoast SEO plugin v27.4 - https:\/\/yoast.com\/product\/yoast-seo-wordpress\/ -->\n<title>Famille \/ Enfant -<\/title>\n<meta name=\"robots\" content=\"index, follow, max-snippet:-1, max-image-preview:large, max-video-preview:-1\" \/>\n<link rel=\"canonical\" href=\"https:\/\/christelemacchiavelli-photographe.com\/?page_id=90\" \/>\n<meta property=\"og:locale\" content=\"fr_FR\" \/>\n<meta property=\"og:type\" content=\"article\" \/>\n<meta property=\"og:title\" content=\"Famille \/ Enfant -\" \/>\n<meta property=\"og:description\" content=\"Vous pouvez me contacter pour que l&rsquo;on discute de votre projet et de vos envies pour cette s\u00e9ance famille, pour&hellip;\" \/>\n<meta property=\"og:url\" content=\"https:\/\/christelemacchiavelli-photographe.com\/?page_id=90\" \/>\n<meta property=\"article:modified_time\" content=\"2021-05-11T17:41:23+00:00\" \/>\n<meta property=\"og:image\" content=\"http:\/\/christelemacchiavelli-photographe.com\/wp-content\/uploads\/2019\/09\/galerie-portrait5.jpg\" \/>\n<meta name=\"twitter:card\" content=\"summary_large_image\" \/>\n<meta name=\"twitter:label1\" content=\"Dur\u00e9e de lecture estim\u00e9e\" \/>\n\t<meta name=\"twitter:data1\" content=\"2 minutes\" \/>\n<script type=\"application\/ld+json\" class=\"yoast-schema-graph\">{\"@context\":\"https:\\\/\\\/schema.org\",\"@graph\":[{\"@type\":\"WebPage\",\"@id\":\"https:\\\/\\\/christelemacchiavelli-photographe.com\\\/?page_id=90\",\"url\":\"https:\\\/\\\/christelemacchiavelli-photographe.com\\\/?page_id=90\",\"name\":\"Famille \\\/ Enfant -\",\"isPartOf\":{\"@id\":\"https:\\\/\\\/christelemacchiavelli-photographe.com\\\/#website\"},\"primaryImageOfPage\":{\"@id\":\"https:\\\/\\\/christelemacchiavelli-photographe.com\\\/?page_id=90#primaryimage\"},\"image\":{\"@id\":\"https:\\\/\\\/christelemacchiavelli-photographe.com\\\/?page_id=90#primaryimage\"},\"thumbnailUrl\":\"http:\\\/\\\/christelemacchiavelli-photographe.com\\\/wp-content\\\/uploads\\\/2019\\\/09\\\/galerie-portrait5.jpg\",\"datePublished\":\"2019-08-23T07:42:52+00:00\",\"dateModified\":\"2021-05-11T17:41:23+00:00\",\"breadcrumb\":{\"@id\":\"https:\\\/\\\/christelemacchiavelli-photographe.com\\\/?page_id=90#breadcrumb\"},\"inLanguage\":\"fr-FR\",\"potentialAction\":[{\"@type\":\"ReadAction\",\"target\":[\"https:\\\/\\\/christelemacchiavelli-photographe.com\\\/?page_id=90\"]}]},{\"@type\":\"ImageObject\",\"inLanguage\":\"fr-FR\",\"@id\":\"https:\\\/\\\/christelemacchiavelli-photographe.com\\\/?page_id=90#primaryimage\",\"url\":\"https:\\\/\\\/christelemacchiavelli-photographe.com\\\/wp-content\\\/uploads\\\/2019\\\/09\\\/galerie-portrait5.jpg\",\"contentUrl\":\"https:\\\/\\\/christelemacchiavelli-photographe.com\\\/wp-content\\\/uploads\\\/2019\\\/09\\\/galerie-portrait5.jpg\",\"width\":600,\"height\":416},{\"@type\":\"BreadcrumbList\",\"@id\":\"https:\\\/\\\/christelemacchiavelli-photographe.com\\\/?page_id=90#breadcrumb\",\"itemListElement\":[{\"@type\":\"ListItem\",\"position\":1,\"name\":\"Accueil\",\"item\":\"https:\\\/\\\/christelemacchiavelli-photographe.com\\\/\"},{\"@type\":\"ListItem\",\"position\":2,\"name\":\"Famille \\\/ Enfant\"}]},{\"@type\":\"WebSite\",\"@id\":\"https:\\\/\\\/christelemacchiavelli-photographe.com\\\/#website\",\"url\":\"https:\\\/\\\/christelemacchiavelli-photographe.com\\\/\",\"name\":\"\",\"description\":\"Sp\u00e9cialis\u00e9e dans la photo de Nouveau-n\u00e9, B\u00e9b\u00e9 et Famille - Cr\u00e9atrice de souvenirs\",\"publisher\":{\"@id\":\"https:\\\/\\\/christelemacchiavelli-photographe.com\\\/#organization\"},\"potentialAction\":[{\"@type\":\"SearchAction\",\"target\":{\"@type\":\"EntryPoint\",\"urlTemplate\":\"https:\\\/\\\/christelemacchiavelli-photographe.com\\\/?s={search_term_string}\"},\"query-input\":{\"@type\":\"PropertyValueSpecification\",\"valueRequired\":true,\"valueName\":\"search_term_string\"}}],\"inLanguage\":\"fr-FR\"},{\"@type\":\"Organization\",\"@id\":\"https:\\\/\\\/christelemacchiavelli-photographe.com\\\/#organization\",\"name\":\"Christ\u00e8le Macchiavelli Photographe La Ciotat\",\"url\":\"https:\\\/\\\/christelemacchiavelli-photographe.com\\\/\",\"logo\":{\"@type\":\"ImageObject\",\"inLanguage\":\"fr-FR\",\"@id\":\"https:\\\/\\\/christelemacchiavelli-photographe.com\\\/#\\\/schema\\\/logo\\\/image\\\/\",\"url\":\"https:\\\/\\\/christelemacchiavelli-photographe.com\\\/wp-content\\\/uploads\\\/2019\\\/09\\\/Logo-christelle-noir.jpg600.jpg\",\"contentUrl\":\"https:\\\/\\\/christelemacchiavelli-photographe.com\\\/wp-content\\\/uploads\\\/2019\\\/09\\\/Logo-christelle-noir.jpg600.jpg\",\"width\":600,\"height\":425,\"caption\":\"Christ\u00e8le Macchiavelli Photographe La Ciotat\"},\"image\":{\"@id\":\"https:\\\/\\\/christelemacchiavelli-photographe.com\\\/#\\\/schema\\\/logo\\\/image\\\/\"}}]}<\/script>\n<!-- \/ Yoast SEO plugin. -->","yoast_head_json":{"title":"Famille \/ Enfant -","robots":{"index":"index","follow":"follow","max-snippet":"max-snippet:-1","max-image-preview":"max-image-preview:large","max-video-preview":"max-video-preview:-1"},"canonical":"https:\/\/christelemacchiavelli-photographe.com\/?page_id=90","og_locale":"fr_FR","og_type":"article","og_title":"Famille \/ Enfant -","og_description":"Vous pouvez me contacter pour que l&rsquo;on discute de votre projet et de vos envies pour cette s\u00e9ance famille, pour&hellip;","og_url":"https:\/\/christelemacchiavelli-photographe.com\/?page_id=90","article_modified_time":"2021-05-11T17:41:23+00:00","og_image":[{"url":"http:\/\/christelemacchiavelli-photographe.com\/wp-content\/uploads\/2019\/09\/galerie-portrait5.jpg","type":"","width":"","height":""}],"twitter_card":"summary_large_image","twitter_misc":{"Dur\u00e9e de lecture estim\u00e9e":"2 minutes"},"schema":{"@context":"https:\/\/schema.org","@graph":[{"@type":"WebPage","@id":"https:\/\/christelemacchiavelli-photographe.com\/?page_id=90","url":"https:\/\/christelemacchiavelli-photographe.com\/?page_id=90","name":"Famille \/ Enfant -","isPartOf":{"@id":"https:\/\/christelemacchiavelli-photographe.com\/#website"},"primaryImageOfPage":{"@id":"https:\/\/christelemacchiavelli-photographe.com\/?page_id=90#primaryimage"},"image":{"@id":"https:\/\/christelemacchiavelli-photographe.com\/?page_id=90#primaryimage"},"thumbnailUrl":"http:\/\/christelemacchiavelli-photographe.com\/wp-content\/uploads\/2019\/09\/galerie-portrait5.jpg","datePublished":"2019-08-23T07:42:52+00:00","dateModified":"2021-05-11T17:41:23+00:00","breadcrumb":{"@id":"https:\/\/christelemacchiavelli-photographe.com\/?page_id=90#breadcrumb"},"inLanguage":"fr-FR","potentialAction":[{"@type":"ReadAction","target":["https:\/\/christelemacchiavelli-photographe.com\/?page_id=90"]}]},{"@type":"ImageObject","inLanguage":"fr-FR","@id":"https:\/\/christelemacchiavelli-photographe.com\/?page_id=90#primaryimage","url":"https:\/\/christelemacchiavelli-photographe.com\/wp-content\/uploads\/2019\/09\/galerie-portrait5.jpg","contentUrl":"https:\/\/christelemacchiavelli-photographe.com\/wp-content\/uploads\/2019\/09\/galerie-portrait5.jpg","width":600,"height":416},{"@type":"BreadcrumbList","@id":"https:\/\/christelemacchiavelli-photographe.com\/?page_id=90#breadcrumb","itemListElement":[{"@type":"ListItem","position":1,"name":"Accueil","item":"https:\/\/christelemacchiavelli-photographe.com\/"},{"@type":"ListItem","position":2,"name":"Famille \/ Enfant"}]},{"@type":"WebSite","@id":"https:\/\/christelemacchiavelli-photographe.com\/#website","url":"https:\/\/christelemacchiavelli-photographe.com\/","name":"","description":"Sp\u00e9cialis\u00e9e dans la photo de Nouveau-n\u00e9, B\u00e9b\u00e9 et Famille - Cr\u00e9atrice de souvenirs","publisher":{"@id":"https:\/\/christelemacchiavelli-photographe.com\/#organization"},"potentialAction":[{"@type":"SearchAction","target":{"@type":"EntryPoint","urlTemplate":"https:\/\/christelemacchiavelli-photographe.com\/?s={search_term_string}"},"query-input":{"@type":"PropertyValueSpecification","valueRequired":true,"valueName":"search_term_string"}}],"inLanguage":"fr-FR"},{"@type":"Organization","@id":"https:\/\/christelemacchiavelli-photographe.com\/#organization","name":"Christ\u00e8le Macchiavelli Photographe La Ciotat","url":"https:\/\/christelemacchiavelli-photographe.com\/","logo":{"@type":"ImageObject","inLanguage":"fr-FR","@id":"https:\/\/christelemacchiavelli-photographe.com\/#\/schema\/logo\/image\/","url":"https:\/\/christelemacchiavelli-photographe.com\/wp-content\/uploads\/2019\/09\/Logo-christelle-noir.jpg600.jpg","contentUrl":"https:\/\/christelemacchiavelli-photographe.com\/wp-content\/uploads\/2019\/09\/Logo-christelle-noir.jpg600.jpg","width":600,"height":425,"caption":"Christ\u00e8le Macchiavelli Photographe La Ciotat"},"image":{"@id":"https:\/\/christelemacchiavelli-photographe.com\/#\/schema\/logo\/image\/"}}]}},"_links":{"self":[{"href":"https:\/\/christelemacchiavelli-photographe.com\/index.php?rest_route=\/wp\/v2\/pages\/90","targetHints":{"allow":["GET"]}}],"collection":[{"href":"https:\/\/christelemacchiavelli-photographe.com\/index.php?rest_route=\/wp\/v2\/pages"}],"about":[{"href":"https:\/\/christelemacchiavelli-photographe.com\/index.php?rest_route=\/wp\/v2\/types\/page"}],"author":[{"embeddable":true,"href":"https:\/\/christelemacchiavelli-photographe.com\/index.php?rest_route=\/wp\/v2\/users\/1"}],"replies":[{"embeddable":true,"href":"https:\/\/christelemacchiavelli-photographe.com\/index.php?rest_route=%2Fwp%2Fv2%2Fcomments&post=90"}],"version-history":[{"count":11,"href":"https:\/\/christelemacchiavelli-photographe.com\/index.php?rest_route=\/wp\/v2\/pages\/90\/revisions"}],"predecessor-version":[{"id":650,"href":"https:\/\/christelemacchiavelli-photographe.com\/index.php?rest_route=\/wp\/v2\/pages\/90\/revisions\/650"}],"wp:attachment":[{"href":"https:\/\/christelemacchiavelli-photographe.com\/index.php?rest_route=%2Fwp%2Fv2%2Fmedia&parent=90"}],"curies":[{"name":"wp","href":"https:\/\/api.w.org\/{rel}","templated":true}]}}